				{"id":2991,"date":"2024-05-09T22:03:53","date_gmt":"2024-05-10T04:03:53","guid":{"rendered":"https:\/\/crtecnica.com\/democtpcindea\/?page_id=2991"},"modified":"2024-07-12T14:03:22","modified_gmt":"2024-07-12T20:03:22","slug":"crearestadistica-area-tecnica","status":"publish","type":"page","link":"https:\/\/crtecnica.com\/democtpcindea\/crearestadistica-area-tecnica\/","title":{"rendered":"CREAR:Estad\u00edstica \u00c1rea T\u00e9cnica"},"content":{"rendered":"\n<h2>\n\t\tREPORTE: Estad\u00edstica para \u00c1rea T\u00e9cnica\n\t<\/h2>\n<h2>\n\t\tINGRESAR DATOS DE LOS GRUPOS PARA FINES ESTAD\u00cdSTICOS-INICIO Y FIN DE A\u00d1O\n\t<\/h2>\n\t<script type=\"text\/javascript\">var gform;gform||(document.addEventListener(\"gform_main_scripts_loaded\",function(){gform.scriptsLoaded=!0}),document.addEventListener(\"gform\/theme\/scripts_loaded\",function(){gform.themeScriptsLoaded=!0}),window.addEventListener(\"DOMContentLoaded\",function(){gform.domLoaded=!0}),gform={domLoaded:!1,scriptsLoaded:!1,themeScriptsLoaded:!1,isFormEditor:()=>\"function\"==typeof InitializeEditor,callIfLoaded:function(o){return!(!gform.domLoaded||!gform.scriptsLoaded||!gform.themeScriptsLoaded&&!gform.isFormEditor()||(gform.isFormEditor()&&console.warn(\"The use of gform.initializeOnLoaded() is deprecated in the form editor context and will be removed in Gravity Forms 3.1.\"),o(),0))},initializeOnLoaded:function(o){gform.callIfLoaded(o)||(document.addEventListener(\"gform_main_scripts_loaded\",()=>{gform.scriptsLoaded=!0,gform.callIfLoaded(o)}),document.addEventListener(\"gform\/theme\/scripts_loaded\",()=>{gform.themeScriptsLoaded=!0,gform.callIfLoaded(o)}),window.addEventListener(\"DOMContentLoaded\",()=>{gform.domLoaded=!0,gform.callIfLoaded(o)}))},hooks:{action:{},filter:{}},addAction:function(o,r,e,t){gform.addHook(\"action\",o,r,e,t)},addFilter:function(o,r,e,t){gform.addHook(\"filter\",o,r,e,t)},doAction:function(o){gform.doHook(\"action\",o,arguments)},applyFilters:function(o){return gform.doHook(\"filter\",o,arguments)},removeAction:function(o,r){gform.removeHook(\"action\",o,r)},removeFilter:function(o,r,e){gform.removeHook(\"filter\",o,r,e)},addHook:function(o,r,e,t,n){null==gform.hooks[o][r]&&(gform.hooks[o][r]=[]);var d=gform.hooks[o][r];null==n&&(n=r+\"_\"+d.length),gform.hooks[o][r].push({tag:n,callable:e,priority:t=null==t?10:t})},doHook:function(r,o,e){var t;if(e=Array.prototype.slice.call(e,1),null!=gform.hooks[r][o]&&((o=gform.hooks[r][o]).sort(function(o,r){return o.priority-r.priority}),o.forEach(function(o){\"function\"!=typeof(t=o.callable)&&(t=window[t]),\"action\"==r?t.apply(null,e):e[0]=t.apply(null,e)})),\"filter\"==r)return e[0]},removeHook:function(o,r,t,n){var e;null!=gform.hooks[o][r]&&(e=(e=gform.hooks[o][r]).filter(function(o,r,e){return!!(null!=n&&n!=o.tag||null!=t&&t!=o.priority)}),gform.hooks[o][r]=e)}});<\/script>\n                <div class='gf_browser_gecko gform_wrapper gravity-theme gform-theme--no-framework' data-form-theme='gravity-theme' data-form-index='0' id='gform_wrapper_62' >\n                        <div class='gform_heading'>\n                            <p class='gform_description'><\/p>\n                        <\/div><form method='post' enctype='multipart\/form-data'  id='gform_62'  action='\/democtpcindea\/wp-json\/wp\/v2\/pages\/2991' data-formid='62' novalidate><input id=\"gpnf_session_hash_62\" type=\"hidden\" name=\"gpnf_session_hash\" value=\"b4b149e8116d\"><input type=\"hidden\" value=\"0\" name=\"gpps_page_progression_62\" \/>\n                        <div class='gform-body gform_body'><div id='gform_fields_62' class='gform_fields top_label form_sublabel_below description_below validation_below'><div id=\"field_62_1\" class=\"gfield gfield--type-text gfield--input-type-text gfield--width-third field_sublabel_below gfield--no-description field_description_below field_validation_below gfield_visibility_visible\"  data-js-reload=\"field_62_1\" ><label class='gfield_label gform-field-label' for='input_62_1'>A\u00f1o lectivo<\/label><div class='ginput_container ginput_container_text'><input name='input_1' id='input_62_1' type='text' value='2026' class='small'      aria-invalid=\"false\"   \/><\/div><\/div><div id=\"field_62_6\" class=\"gfield gfield--type-text gfield--input-type-text gfield--width-third field_sublabel_below gfield--no-description field_description_below field_validation_below gfield_visibility_visible\"  data-js-reload=\"field_62_6\" ><label class='gfield_label gform-field-label' for='input_62_6'>Fecha<\/label><div class='ginput_container ginput_container_text'><input readonly='readonly' name='input_6' id='input_62_6' type='text' value='16\/04\/2026' class='large'      aria-invalid=\"false\"   \/><\/div><\/div><div id=\"field_62_3\" class=\"gfield gfield--type-select gfield--input-type-select gfield--width-third gfield_contains_required field_sublabel_below gfield--no-description field_description_below field_validation_below gfield_visibility_visible\"  data-js-reload=\"field_62_3\" ><label class='gfield_label gform-field-label' for='input_62_3'>Docente<span class=\"gfield_required\"><span class=\"gfield_required gfield_required_text\">(Obligatorio)<\/span><\/span><\/label><div class='ginput_container ginput_container_select'><select name='input_3' id='input_62_3' class='large gfield_select'    aria-required=\"true\" aria-invalid=\"false\" ><option value='Sheldon Cooper Picado' selected='selected'>Sheldon Cooper Picado<\/option><\/select><\/div><\/div><div id=\"field_62_7\" class=\"gfield gfield--type-select gfield--input-type-select gfield--width-third gfield_contains_required field_sublabel_below gfield--has-description field_description_below field_validation_below gfield_visibility_visible\"  data-js-reload=\"field_62_7\" ><label class='gfield_label gform-field-label' for='input_62_7'>Reporte<span class=\"gfield_required\"><span class=\"gfield_required gfield_required_text\">(Obligatorio)<\/span><\/span><\/label><div class='ginput_container ginput_container_select'><select name='input_7' id='input_62_7' class='medium gfield_select'  aria-describedby=\"gfield_description_62_7\"  aria-required=\"true\" aria-invalid=\"false\" ><option value='' ><\/option><option value='Inicial' >Inicial<\/option><option value='Final' >Final<\/option><\/select><\/div><div class='gfield_description' id='gfield_description_62_7'>Indique si este reporte es Incial o Final del a\u00f1o<\/div><\/div><div id=\"field_62_11\" class=\"gfield gfield--type-select gfield--input-type-select gfield--width-third gfield_contains_required field_sublabel_below gfield--no-description field_description_below field_validation_below gfield_visibility_visible\"  data-js-reload=\"field_62_11\" ><label class='gfield_label gform-field-label' for='input_62_11'>Carrera t\u00e9cnica<span class=\"gfield_required\"><span class=\"gfield_required gfield_required_text\">(Obligatorio)<\/span><\/span><\/label><div class='ginput_container ginput_container_select'><select name='input_11' id='input_62_11' class='large gfield_select'    aria-required=\"true\" aria-invalid=\"false\" ><option value='' ><\/option><option value='Secretariado Ejecutivo' >Secretariado Ejecutivo<\/option><option value='Contabilidad' >Contabilidad<\/option><option value='Contabilidad y Finanzas' >Contabilidad y Finanzas<\/option><option value='Inform\u00e1tica en Desarrollo de Software' >Inform\u00e1tica en Desarrollo de Software<\/option><option value='Desarrollo de aplicaciones m\u00f3viles' >Desarrollo de aplicaciones m\u00f3viles<\/option><\/select><\/div><\/div><div id=\"field_62_12\" class=\"gfield gfield--type-select gfield--input-type-select gfield--width-third field_sublabel_below gfield--no-description field_description_below field_validation_below gfield_visibility_visible\"  data-js-reload=\"field_62_12\" ><label class='gfield_label gform-field-label' for='input_62_12'>Nivel<\/label><div class='ginput_container ginput_container_select'><select name='input_12' id='input_62_12' class='large gfield_select'     aria-invalid=\"false\" ><option value='1 Nivel (D\u00e9cimo)' >1 Nivel (D\u00e9cimo)<\/option><option value='2 Nivel (Und\u00e9cimo)' >2 Nivel (Und\u00e9cimo)<\/option><option value='3 Nivel (Duod\u00e9cimo)' >3 Nivel (Duod\u00e9cimo)<\/option><\/select><\/div><\/div><div id=\"field_62_14\" class=\"gfield gfield--type-email gfield--input-type-email gfield--width-full field_sublabel_below gfield--no-description field_description_below field_validation_below gfield_visibility_visible\"  data-js-reload=\"field_62_14\" ><label class='gfield_label gform-field-label' for='input_62_14'>Correo del docente<\/label><div class='ginput_container ginput_container_email'>\n                            <input name='input_14' id='input_62_14' type='email' value='' class='large'     aria-invalid=\"false\"  \/>\n                        <\/div><\/div><div id=\"field_62_8\" class=\"gfield gfield--type-section gfield--input-type-section gsection field_sublabel_below gfield--no-description field_description_below field_validation_below gfield_visibility_visible\"  data-js-reload=\"field_62_8\" ><h3 class=\"gsection_title\"><\/h3><\/div><div id=\"field_62_13\" class=\"gfield gfield--type-form gfield--input-type-form gform-theme__no-reset--children gfield--width-full field_sublabel_below gfield--no-description field_description_below field_validation_below gfield_visibility_visible\"  data-js-reload=\"field_62_13\" ><label class='gfield_label gform-field-label' for='input_62_13'>A\u00f1adir estudiantes<\/label><div class=\"gpnf-nested-entries-container ginput_container\">\n\n\t<table class=\"gpnf-nested-entries\">\n\n\t\t<thead>\n\t\t<tr>\n\t\t\t\t\t\t\t<th class=\"gpnf-field-1\">\n\t\t\t\t\tEstudiante\t\t\t\t<\/th>\n\t\t\t\t\t\t\t<th class=\"gpnf-field-3\">\n\t\t\t\t\tC\u00e9dula\/ID\t\t\t\t<\/th>\n\t\t\t\t\t\t\t<th class=\"gpnf-field-4\">\n\t\t\t\t\tSexo\t\t\t\t<\/th>\n\t\t\t\t\t\t\t<th class=\"gpnf-field-10\">\n\t\t\t\t\tPractica\/Proyecto\t\t\t\t<\/th>\n\t\t\t\t\t\t\t<th class=\"gpnf-field-11\">\n\t\t\t\t\tResultado\t\t\t\t<\/th>\n\t\t\t\t\t\t\t<th class=\"gpnf-field-14\">\n\t\t\t\t\tPeritazgo\t\t\t\t<\/th>\n\t\t\t\t\t\t\t<th class=\"gpnf-field-15\">\n\t\t\t\t\tCondici\u00f3n final\t\t\t\t<\/th>\n\t\t\t\t\t\t\t<th class=\"gpnf-field-17\">\n\t\t\t\t\tCondici\u00f3n\t\t\t\t<\/th>\n\t\t\t\t\t\t<th class=\"gpnf-row-actions\"><span class=\"screen-reader-text\">Actions<\/span><\/th>\n\t\t<\/tr>\n\t\t<\/thead>\n\n\t\t<tbody data-bind=\"visible: entries().length, foreach: entries\">\n\t\t<tr data-bind=\"attr: { 'data-entryid': id }\">\n\t\t\t\t\t\t\t<td class=\"gpnf-field\"\n\t\t\t\t\tdata-bind=\"html: f1.label, attr: { 'data-value': f1.label }\"\n\t\t\t\t\tdata-heading=\"Estudiante\"\n\t\t\t\t>&nbsp;<\/td>\n\t\t\t\t\t\t\t<td class=\"gpnf-field\"\n\t\t\t\t\tdata-bind=\"html: f3.label, attr: { 'data-value': f3.label }\"\n\t\t\t\t\tdata-heading=\"C\u00e9dula\/ID\"\n\t\t\t\t>&nbsp;<\/td>\n\t\t\t\t\t\t\t<td class=\"gpnf-field\"\n\t\t\t\t\tdata-bind=\"html: f4.label, attr: { 'data-value': f4.label }\"\n\t\t\t\t\tdata-heading=\"Sexo\"\n\t\t\t\t>&nbsp;<\/td>\n\t\t\t\t\t\t\t<td class=\"gpnf-field\"\n\t\t\t\t\tdata-bind=\"html: f10.label, attr: { 'data-value': f10.label }\"\n\t\t\t\t\tdata-heading=\"Practica\/Proyecto\"\n\t\t\t\t>&nbsp;<\/td>\n\t\t\t\t\t\t\t<td class=\"gpnf-field\"\n\t\t\t\t\tdata-bind=\"html: f11.label, attr: { 'data-value': f11.label }\"\n\t\t\t\t\tdata-heading=\"Resultado\"\n\t\t\t\t>&nbsp;<\/td>\n\t\t\t\t\t\t\t<td class=\"gpnf-field\"\n\t\t\t\t\tdata-bind=\"html: f14.label, attr: { 'data-value': f14.label }\"\n\t\t\t\t\tdata-heading=\"Peritazgo\"\n\t\t\t\t>&nbsp;<\/td>\n\t\t\t\t\t\t\t<td class=\"gpnf-field\"\n\t\t\t\t\tdata-bind=\"html: f15.label, attr: { 'data-value': f15.label }\"\n\t\t\t\t\tdata-heading=\"Condici\u00f3n final\"\n\t\t\t\t>&nbsp;<\/td>\n\t\t\t\t\t\t\t<td class=\"gpnf-field\"\n\t\t\t\t\tdata-bind=\"html: f17.label, attr: { 'data-value': f17.label }\"\n\t\t\t\t\tdata-heading=\"Condici\u00f3n\"\n\t\t\t\t>&nbsp;<\/td>\n\t\t\t\t\t\t<td class=\"gpnf-row-actions\" style=\"display: none;\" data-bind=\"visible: true\">\n\t\t\t\t<ul>\n\t\t\t\t\t<li class=\"edit\"><button class=\"edit-button gform-theme-button--secondary\" data-bind=\"click: $parent.editEntry, attr: { 'aria-label': 'Edit Estudiante {0} where Estudiante is {1}.'.gformFormat( $index() + 1, f1.label ) }\">Editar<\/button><\/li>\n\t\t\t\t\t\t\t\t\t\t<li class=\"delete\"><button class=\"delete-button gform-theme-button--simple gform-theme-button--size-md\" data-bind=\"click: $parent.deleteEntry, attr: { 'aria-label': 'Delete Estudiante {0} where Estudiante is {1}.'.gformFormat( $index() + 1, f1.label ) }\">Borrar<\/button><\/li>\n\t\t\t\t<\/ul>\n\t\t\t<\/td>\n\t\t<\/tr>\n\t\t<\/tbody>\n\n\t\t<tbody data-bind=\"visible: entries().length <= 0\">\n\t\t<tr class=\"gpnf-no-entries\" data-bind=\"visible: entries().length <= 0\" style=\"display: none;\">\n\t\t\t<td colspan=\"9\">\n\t\t\t\tNo hay <span>Estudiantes.<\/span>\t\t\t<\/td>\n\t\t<\/tr>\n\t\t<\/tbody>\n\n\t<\/table>\n\n\t<button type=\"button\" class=\"gpnf-add-entry\"\n\t\t        data-formid=\"62\"\n\t\t        data-nestedformid=\"63\"\n\t\t\t\tdata-bind=\"attr: { disabled: isMaxed }, css: { 'gf-default-disabled': isMaxed }\"\n\t\t\t\t>\n\t\t\t\tAgregar Estudiante\n\t\t\t<\/button>\t\n\t\t\t<p class=\"gpnf-add-entry-max\" data-bind=\"visible: isMaxed\" style=\"display: none;\">\n\t\t\t\tMaximum number of estudiantes reached.\n\t\t\t<\/p>\n<\/div>\n<input type=\"hidden\"\n                name=\"input_13\"\n                id=\"input_62_13\"\n                data-bind=\"value: entryIds\"\n                value=\"\" \/><\/div><\/div><\/div>\n        <div class='gform-footer gform_footer top_label'> <input type='submit' id='gform_submit_button_62' class='gform_button button' onclick='gform.submission.handleButtonClick(this);' value='Enviar'  \/> \n            <input type='hidden' class='gform_hidden' name='gform_submission_method' data-js='gform_submission_method_62' value='postback' \/>\n            <input type='hidden' class='gform_hidden' name='gform_theme' data-js='gform_theme_62' id='gform_theme_62' value='gravity-theme' \/>\n            <input type='hidden' class='gform_hidden' name='gform_style_settings' data-js='gform_style_settings_62' id='gform_style_settings_62' value='' \/>\n            <input type='hidden' class='gform_hidden' name='is_submit_62' value='1' \/>\n            <input type='hidden' class='gform_hidden' name='gform_submit' value='62' \/>\n            \n            <input type='hidden' class='gform_hidden' name='gform_unique_id' value='' \/>\n            <input type='hidden' class='gform_hidden' name='state_62' value='WyJ7XCI3XCI6W1wiNGJkYzlkNWIwY2Y5NWVlYzYyYzcxYjVkMmIwNTQ2MzlcIixcIjk3NmFhZGFhMmM5ODI2ZDQ3M2M0OGRhZTFiODNhMGQ4XCIsXCIwYzIwYjNhNTU3MmI4NDUzNzVhYWJjNGVlZTdlNmVmN1wiXSxcIjExXCI6W1wiNGJkYzlkNWIwY2Y5NWVlYzYyYzcxYjVkMmIwNTQ2MzlcIixcIjUyZDE2MzkyYzBjNzM4NGY2Y2I5NTBkZmVkNWE3NWIwXCIsXCIzZjgxYzEyNTJjMzE4MmQ3NWIzY2Q2YjMzMTAxM2YyZVwiLFwiYmFlMTY2MDgxOTg2ZmVjYzQ1M2NhNmQ5ZDYxNDE5NDhcIixcIjk3MTNhY2M0ZWU0ODIwMmViNjk2YWE2MWFmZTA2OTgxXCIsXCJmNjI2NjA5ODZhZWY1ZTlmMDk0NDg1OWZmMTg2MmFlZVwiXSxcIjEyXCI6W1wiZDZhMjBjODBlM2JmM2VkNzEwYzJjNTY3MzI2NTJhY2RcIixcIjMwZTFmOGIyZmYzNGYwMGRmMjQ2NzQyYmI4ZGVjY2UzXCIsXCI2MDliMGU0ODhlZTA1YzdmMTdiN2IyMzcyMTU0NTU0NVwiXX0iLCJlN2IzMGExZGM0NDYyYzBiMTA1ZjBkMWVkNzNmYzcwMiJd' \/>\n            <input type='hidden' autocomplete='off' class='gform_hidden' name='gform_target_page_number_62' id='gform_target_page_number_62' value='0' \/>\n            <input type='hidden' autocomplete='off' class='gform_hidden' name='gform_source_page_number_62' id='gform_source_page_number_62' value='1' \/>\n            <input type='hidden' name='gform_field_values' value='' \/>\n            \n        <\/div>\n                        <\/form>\n                        <\/div><script>\ngform.initializeOnLoaded( function() {gformInitSpinner( 62, 'https:\/\/crtecnica.com\/democtpcindea\/wp-content\/plugins\/gravityforms\/images\/spinner.svg', true );jQuery('#gform_ajax_frame_62').on('load',function(){var contents = jQuery(this).contents().find('*').html();var is_postback = contents.indexOf('GF_AJAX_POSTBACK') >= 0;if(!is_postback){return;}var form_content = jQuery(this).contents().find('#gform_wrapper_62');var is_confirmation = jQuery(this).contents().find('#gform_confirmation_wrapper_62').length > 0;var is_redirect = contents.indexOf('gformRedirect(){') >= 0;var is_form = form_content.length > 0 && ! is_redirect && ! is_confirmation;var mt = parseInt(jQuery('html').css('margin-top'), 10) + parseInt(jQuery('body').css('margin-top'), 10) + 100;if(is_form){jQuery('#gform_wrapper_62').html(form_content.html());if(form_content.hasClass('gform_validation_error')){jQuery('#gform_wrapper_62').addClass('gform_validation_error');} else {jQuery('#gform_wrapper_62').removeClass('gform_validation_error');}setTimeout( function() { \/* delay the scroll by 50 milliseconds to fix a bug in chrome *\/  }, 50 );if(window['gformInitDatepicker']) {gformInitDatepicker();}if(window['gformInitPriceFields']) {gformInitPriceFields();}var current_page = jQuery('#gform_source_page_number_62').val();gformInitSpinner( 62, 'https:\/\/crtecnica.com\/democtpcindea\/wp-content\/plugins\/gravityforms\/images\/spinner.svg', true );jQuery(document).trigger('gform_page_loaded', [62, current_page]);window['gf_submitting_62'] = false;}else if(!is_redirect){var confirmation_content = jQuery(this).contents().find('.GF_AJAX_POSTBACK').html();if(!confirmation_content){confirmation_content = contents;}jQuery('#gform_wrapper_62').replaceWith(confirmation_content);jQuery(document).trigger('gform_confirmation_loaded', [62]);window['gf_submitting_62'] = false;wp.a11y.speak(jQuery('#gform_confirmation_message_62').text());}else{jQuery('#gform_62').append(contents);if(window['gformRedirect']) {gformRedirect();}}jQuery(document).trigger(\"gform_pre_post_render\", [{ formId: \"62\", currentPage: \"current_page\", abort: function() { this.preventDefault(); } }]);                if (event && event.defaultPrevented) {                return;         }        const gformWrapperDiv = document.getElementById( \"gform_wrapper_62\" );        if ( gformWrapperDiv ) {            const visibilitySpan = document.createElement( \"span\" );            visibilitySpan.id = \"gform_visibility_test_62\";            gformWrapperDiv.insertAdjacentElement( \"afterend\", visibilitySpan );        }        const visibilityTestDiv = document.getElementById( \"gform_visibility_test_62\" );        let postRenderFired = false;                function triggerPostRender() {            if ( postRenderFired ) {                return;            }            postRenderFired = true;            jQuery( document ).trigger( 'gform_post_render', [62, current_page] );            gform.utils.trigger( { event: 'gform\/postRender', native: false, data: { formId: 62, currentPage: current_page } } );            gform.utils.trigger( { event: 'gform\/post_render', native: false, data: { formId: 62, currentPage: current_page } } );            if ( visibilityTestDiv ) {                visibilityTestDiv.parentNode.removeChild( visibilityTestDiv );            }        }        function debounce( func, wait, immediate ) {            var timeout;            return function() {                var context = this, args = arguments;                var later = function() {                    timeout = null;                    if ( !immediate ) func.apply( context, args );                };                var callNow = immediate && !timeout;                clearTimeout( timeout );                timeout = setTimeout( later, wait );                if ( callNow ) func.apply( context, args );            };        }        const debouncedTriggerPostRender = debounce( function() {            triggerPostRender();        }, 200 );        if ( visibilityTestDiv && visibilityTestDiv.offsetParent === null ) {            const observer = new MutationObserver( ( mutations ) => {                mutations.forEach( ( mutation ) => {                    if ( mutation.type === 'attributes' && visibilityTestDiv.offsetParent !== null ) {                        debouncedTriggerPostRender();                        observer.disconnect();                    }                });            });            observer.observe( document.body, {                attributes: true,                childList: false,                subtree: true,                attributeFilter: [ 'style', 'class' ],            });        } else {            triggerPostRender();        }    } );} );\n<\/script>\n\n\n","protected":false},"excerpt":{"rendered":"<p>REPORTE: Estad\u00edstica para \u00c1rea T\u00e9cnica INGRESAR DATOS DE LOS GRUPOS PARA FINES ESTAD\u00cdSTICOS-INICIO Y FIN DE A\u00d1O<\/p>\n","protected":false},"author":1,"featured_media":0,"parent":0,"menu_order":0,"comment_status":"closed","ping_status":"closed","template":"","meta":{"footnotes":""},"class_list":["post-2991","page","type-page","status-publish"],"_links":{"self":[{"href":"https:\/\/crtecnica.com\/democtpcindea\/wp-json\/wp\/v2\/pages\/2991","targetHints":{"allow":["GET"]}}],"collection":[{"href":"https:\/\/crtecnica.com\/democtpcindea\/wp-json\/wp\/v2\/pages"}],"about":[{"href":"https:\/\/crtecnica.com\/democtpcindea\/wp-json\/wp\/v2\/types\/page"}],"author":[{"embeddable":true,"href":"https:\/\/crtecnica.com\/democtpcindea\/wp-json\/wp\/v2\/users\/1"}],"replies":[{"embeddable":true,"href":"https:\/\/crtecnica.com\/democtpcindea\/wp-json\/wp\/v2\/comments?post=2991"}],"version-history":[{"count":5,"href":"https:\/\/crtecnica.com\/democtpcindea\/wp-json\/wp\/v2\/pages\/2991\/revisions"}],"predecessor-version":[{"id":4506,"href":"https:\/\/crtecnica.com\/democtpcindea\/wp-json\/wp\/v2\/pages\/2991\/revisions\/4506"}],"wp:attachment":[{"href":"https:\/\/crtecnica.com\/democtpcindea\/wp-json\/wp\/v2\/media?parent=2991"}],"curies":[{"name":"wp","href":"https:\/\/api.w.org\/{rel}","templated":true}]}}