				{"id":2042,"date":"2024-03-20T18:08:51","date_gmt":"2024-03-21T00:08:51","guid":{"rendered":"https:\/\/crtecnica.com\/demoinstitucion\/?page_id=2042"},"modified":"2024-07-10T16:23:15","modified_gmt":"2024-07-10T22:23:15","slug":"matricular-en-grupos","status":"publish","type":"page","link":"https:\/\/crtecnica.com\/demoinstitucion\/matricular-en-grupos\/","title":{"rendered":"Matricular en grupos"},"content":{"rendered":"\n<h3>\n\t\tMATR\u00cdCULA &#8211; CREAR GRUPOS POR DOCENTE\n\t<\/h3>\n\t\t\t<a href=\"https:\/\/crtecnica.com\/demoinstitucion\/docenteslistados-grupos\/\" target=\"_blank\" rel=\"noopener\">\n\t\t\t\t\t\tVER LISTADOS\n\t\t\t\t\t<\/a>\n\t<p><strong>Indicaciones:<\/strong><\/p>\n<p>Seleccione los siguientes datos antes de a\u00f1adir a los estudiantes: -Semestre- Su nombre &#8211; El nivel &#8211; Secci\u00f3n &#8211; Verifique que todos estos datos est\u00e9n completos antes de continuar<\/p>\n<p>Para agregar estudiantes, haga clic en el bot\u00f3n AGREGAR ESTUDIANTE.<\/p>\n<p>Cuando se abra el formulario, indique el nombre del estudiante, escribiendo el nombre y luego seleccione el estudiante que debe a\u00f1adir. Luego haga clic en Agregar estudiante.<\/p>\n\t<script type=\"text\/javascript\">var gform;gform||(document.addEventListener(\"gform_main_scripts_loaded\",function(){gform.scriptsLoaded=!0}),document.addEventListener(\"gform\/theme\/scripts_loaded\",function(){gform.themeScriptsLoaded=!0}),window.addEventListener(\"DOMContentLoaded\",function(){gform.domLoaded=!0}),gform={domLoaded:!1,scriptsLoaded:!1,themeScriptsLoaded:!1,isFormEditor:()=>\"function\"==typeof InitializeEditor,callIfLoaded:function(o){return!(!gform.domLoaded||!gform.scriptsLoaded||!gform.themeScriptsLoaded&&!gform.isFormEditor()||(gform.isFormEditor()&&console.warn(\"The use of gform.initializeOnLoaded() is deprecated in the form editor context and will be removed in Gravity Forms 3.1.\"),o(),0))},initializeOnLoaded:function(o){gform.callIfLoaded(o)||(document.addEventListener(\"gform_main_scripts_loaded\",()=>{gform.scriptsLoaded=!0,gform.callIfLoaded(o)}),document.addEventListener(\"gform\/theme\/scripts_loaded\",()=>{gform.themeScriptsLoaded=!0,gform.callIfLoaded(o)}),window.addEventListener(\"DOMContentLoaded\",()=>{gform.domLoaded=!0,gform.callIfLoaded(o)}))},hooks:{action:{},filter:{}},addAction:function(o,r,e,t){gform.addHook(\"action\",o,r,e,t)},addFilter:function(o,r,e,t){gform.addHook(\"filter\",o,r,e,t)},doAction:function(o){gform.doHook(\"action\",o,arguments)},applyFilters:function(o){return gform.doHook(\"filter\",o,arguments)},removeAction:function(o,r){gform.removeHook(\"action\",o,r)},removeFilter:function(o,r,e){gform.removeHook(\"filter\",o,r,e)},addHook:function(o,r,e,t,n){null==gform.hooks[o][r]&&(gform.hooks[o][r]=[]);var d=gform.hooks[o][r];null==n&&(n=r+\"_\"+d.length),gform.hooks[o][r].push({tag:n,callable:e,priority:t=null==t?10:t})},doHook:function(r,o,e){var t;if(e=Array.prototype.slice.call(e,1),null!=gform.hooks[r][o]&&((o=gform.hooks[r][o]).sort(function(o,r){return o.priority-r.priority}),o.forEach(function(o){\"function\"!=typeof(t=o.callable)&&(t=window[t]),\"action\"==r?t.apply(null,e):e[0]=t.apply(null,e)})),\"filter\"==r)return e[0]},removeHook:function(o,r,t,n){var e;null!=gform.hooks[o][r]&&(e=(e=gform.hooks[o][r]).filter(function(o,r,e){return!!(null!=n&&n!=o.tag||null!=t&&t!=o.priority)}),gform.hooks[o][r]=e)}});<\/script>\n                <div class='gf_browser_gecko gform_wrapper gravity-theme gform-theme--no-framework' data-form-theme='gravity-theme' data-form-index='0' id='gform_wrapper_67' >\n                        <div class='gform_heading'>\n                            <p class='gform_description'><\/p>\n                        <\/div><form method='post' enctype='multipart\/form-data'  id='gform_67'  action='\/demoinstitucion\/wp-json\/wp\/v2\/pages\/2042' data-formid='67' novalidate><input id=\"gpnf_session_hash_67\" type=\"hidden\" name=\"gpnf_session_hash\" value=\"cc486031048b\"><input type=\"hidden\" value=\"0\" name=\"gpps_page_progression_67\" \/>\n                        <div class='gform-body gform_body'><div id='gform_fields_67' class='gform_fields top_label form_sublabel_below description_below validation_below'><div id=\"field_67_1\" class=\"gfield gfield--type-text gfield--input-type-text gfield--width-quarter field_sublabel_below gfield--no-description field_description_below field_validation_below gfield_visibility_visible\"  data-js-reload=\"field_67_1\" ><label class='gfield_label gform-field-label' for='input_67_1'>Curso lectivo<\/label><div class='ginput_container ginput_container_text'><input readonly='readonly' name='input_1' id='input_67_1' type='text' value='2026' class='small'      aria-invalid=\"false\"   \/><\/div><\/div><div id=\"field_67_2\" class=\"gfield gfield--type-select gfield--input-type-select gfield--width-quarter field_sublabel_below gfield--no-description field_description_below field_validation_below gfield_visibility_visible\"  data-js-reload=\"field_67_2\" ><label class='gfield_label gform-field-label' for='input_67_2'>Semestre<\/label><div class='ginput_container ginput_container_select'><select name='input_2' id='input_67_2' class='large gfield_select'     aria-invalid=\"false\" ><option value='I SEM.' >I SEM.<\/option><option value='II SEM.' >II SEM.<\/option><\/select><\/div><\/div><div id=\"field_67_3\" class=\"gfield gfield--type-select gfield--input-type-select gfield--width-quarter field_sublabel_below gfield--no-description field_description_below field_validation_below gfield_visibility_visible\"  data-js-reload=\"field_67_3\" ><label class='gfield_label gform-field-label' for='input_67_3'>Nombre del Docente<\/label><div class='ginput_container ginput_container_select'><select name='input_3' id='input_67_3' class='large gfield_select'     aria-invalid=\"false\" ><option value='Alex Gabriel Ruiz P\u00e9rez' selected='selected'>Alex Gabriel Ruiz P\u00e9rez<\/option><option value='Ana Isabel Moreno Fern\u00e1ndez' >Ana Isabel Moreno Fern\u00e1ndez<\/option><option value='Andrea Camila Mart\u00ednez Hern\u00e1ndez' >Andrea Camila Mart\u00ednez Hern\u00e1ndez<\/option><option value='Axel Sebasti\u00e1n Romero \u00c1lvarez' >Axel Sebasti\u00e1n Romero \u00c1lvarez<\/option><option value='Camila Alejandra Herrera P\u00e9rez' >Camila Alejandra Herrera P\u00e9rez<\/option><option value='Clara Emilia Santos \u00c1lvarez' >Clara Emilia Santos \u00c1lvarez<\/option><option value='Daniel Nicol\u00e1s Guti\u00e9rrez S\u00e1nchez' >Daniel Nicol\u00e1s Guti\u00e9rrez S\u00e1nchez<\/option><option value='David Miguel Morales P\u00e9rez' >David Miguel Morales P\u00e9rez<\/option><option value='Javier Andr\u00e9s Navarro Ruiz' >Javier Andr\u00e9s Navarro Ruiz<\/option><option value='Laura Sof\u00eda Castro Murillo' >Laura Sof\u00eda Castro Murillo<\/option><option value='Lucas Mateo Rodr\u00edguez Mart\u00ednez' >Lucas Mateo Rodr\u00edguez Mart\u00ednez<\/option><option value='Luc\u00eda Emilia Rodr\u00edguez Mart\u00ednez' >Luc\u00eda Emilia Rodr\u00edguez Mart\u00ednez<\/option><option value='Marcos Antonio Santos \u00c1lvarez' >Marcos Antonio Santos \u00c1lvarez<\/option><option value='Mar\u00eda Fernanda Navarro Rojas' >Mar\u00eda Fernanda Navarro Rojas<\/option><option value='Mariana Andrea Blanco Picado' >Mariana Andrea Blanco Picado<\/option><option value='Mart\u00edn Sebasti\u00e1n Castro Gonz\u00e1lez' >Mart\u00edn Sebasti\u00e1n Castro Gonz\u00e1lez<\/option><option value='Mateo Andr\u00e9s Hern\u00e1ndez L\u00f3pez' >Mateo Andr\u00e9s Hern\u00e1ndez L\u00f3pez<\/option><option value='Pablo Daniel Delgado Romero' >Pablo Daniel Delgado Romero<\/option><option value='Patricio Nicol\u00e1s Gonz\u00e1lez L\u00f3pez' >Patricio Nicol\u00e1s Gonz\u00e1lez L\u00f3pez<\/option><option value='Paula Valentina Delgado Romero' >Paula Valentina Delgado Romero<\/option><option value='Santiago Alejandro Romero Garc\u00eda' >Santiago Alejandro Romero Garc\u00eda<\/option><option value='Sergio Miguel Moreno Fern\u00e1ndez' >Sergio Miguel Moreno Fern\u00e1ndez<\/option><option value='Valentina Isabella Morales P\u00e9rez' >Valentina Isabella Morales P\u00e9rez<\/option><option value='Valeria Sof\u00eda Fern\u00e1ndez Garc\u00eda' >Valeria Sof\u00eda Fern\u00e1ndez Garc\u00eda<\/option><\/select><\/div><\/div><div id=\"field_67_14\" class=\"gfield gfield--type-select gfield--input-type-select gfield--width-quarter field_sublabel_below gfield--no-description field_description_below field_validation_below gfield_visibility_visible\"  data-js-reload=\"field_67_14\" ><label class='gfield_label gform-field-label' for='input_67_14'>Departamento<\/label><div class='ginput_container ginput_container_select'><select name='input_14' id='input_67_14' class='large gfield_select'     aria-invalid=\"false\" ><option value='Ingl\u00e9s' selected='selected'>Ingl\u00e9s<\/option><\/select><\/div><\/div><div id=\"field_67_7\" class=\"gfield gfield--type-select gfield--input-type-select gfield--width-half field_sublabel_below gfield--no-description field_description_below field_validation_below gfield_visibility_visible\"  data-js-reload=\"field_67_7\" ><label class='gfield_label gform-field-label' for='input_67_7'>Nivel<\/label><div class='ginput_container ginput_container_select'><select name='input_7' id='input_67_7' class='medium gfield_select'     aria-invalid=\"false\" ><option value='S\u00e9timo' selected='selected'>S\u00e9timo<\/option><option value='Octavo' >Octavo<\/option><option value='Noveno' >Noveno<\/option><option value='D\u00e9cimo' >D\u00e9cimo<\/option><option value='Und\u00e9cimo' >Und\u00e9cimo<\/option><option value='Duod\u00e9cimo' >Duod\u00e9cimo<\/option><\/select><\/div><\/div><div id=\"field_67_12\" class=\"gfield gfield--type-select gfield--input-type-select gfield--width-half field_sublabel_below gfield--no-description field_description_below field_validation_below gfield_visibility_visible\"  data-js-reload=\"field_67_12\" ><label class='gfield_label gform-field-label' for='input_67_12'>Secci\u00f3n<\/label><div class='ginput_container ginput_container_select'><select name='input_12' id='input_67_12' class='medium gfield_select'     aria-invalid=\"false\" ><option value='1' >1<\/option><option value='2' >2<\/option><option value='3' >3<\/option><option value='4' >4<\/option><option value='5' >5<\/option><option value='6' >6<\/option><\/select><\/div><\/div><div id=\"field_67_13\" class=\"gfield gfield--type-email gfield--input-type-email gfield--width-full gfield_contains_required field_sublabel_below gfield--no-description field_description_below field_validation_below gfield_visibility_visible\"  data-js-reload=\"field_67_13\" ><label class='gfield_label gform-field-label' for='input_67_13'>Correo docente<span class=\"gfield_required\"><span class=\"gfield_required gfield_required_text\">(Obligatorio)<\/span><\/span><\/label><div class='ginput_container ginput_container_email'>\n                            <input name='input_13' id='input_67_13' type='email' value='' class='medium'    aria-required=\"true\" aria-invalid=\"false\"  \/>\n                        <\/div><\/div><div id=\"field_67_11\" class=\"gfield gfield--type-section gfield--input-type-section gsection field_sublabel_below gfield--no-description field_description_below field_validation_below gfield_visibility_visible\"  data-js-reload=\"field_67_11\" ><h3 class=\"gsection_title\">Estudiantes<\/h3><\/div><div id=\"field_67_10\" class=\"gfield gfield--type-form gfield--input-type-form gform-theme__no-reset--children gfield--width-full field_sublabel_below gfield--no-description field_description_below field_validation_below gfield_visibility_visible\"  data-js-reload=\"field_67_10\" ><label class='gfield_label gform-field-label' for='input_67_10'>A\u00f1adir estudiantes<\/label><div class=\"gpnf-nested-entries-container ginput_container\">\n\n\t<table class=\"gpnf-nested-entries\">\n\n\t\t<thead>\n\t\t<tr>\n\t\t\t\t\t\t\t<th class=\"gpnf-field-3\">\n\t\t\t\t\tNombre completo\t\t\t\t<\/th>\n\t\t\t\t\t\t\t<th class=\"gpnf-field-4\">\n\t\t\t\t\tC\u00e9dula\t\t\t\t<\/th>\n\t\t\t\t\t\t<th class=\"gpnf-row-actions\"><span class=\"screen-reader-text\">Actions<\/span><\/th>\n\t\t<\/tr>\n\t\t<\/thead>\n\n\t\t<tbody data-bind=\"visible: entries().length, foreach: entries\">\n\t\t<tr data-bind=\"attr: { 'data-entryid': id }\">\n\t\t\t\t\t\t\t<td class=\"gpnf-field\"\n\t\t\t\t\tdata-bind=\"html: f3.label, attr: { 'data-value': f3.label }\"\n\t\t\t\t\tdata-heading=\"Nombre completo\"\n\t\t\t\t>&nbsp;<\/td>\n\t\t\t\t\t\t\t<td class=\"gpnf-field\"\n\t\t\t\t\tdata-bind=\"html: f4.label, attr: { 'data-value': f4.label }\"\n\t\t\t\t\tdata-heading=\"C\u00e9dula\"\n\t\t\t\t>&nbsp;<\/td>\n\t\t\t\t\t\t<td class=\"gpnf-row-actions\" style=\"display: none;\" data-bind=\"visible: true\">\n\t\t\t\t<ul>\n\t\t\t\t\t<li class=\"edit\"><button class=\"edit-button gform-theme-button--secondary\" data-bind=\"click: $parent.editEntry, attr: { 'aria-label': 'Edit Estudiante {0} where Nombre completo is {1}.'.gformFormat( $index() + 1, f3.label ) }\">Editar<\/button><\/li>\n\t\t\t\t\t\t\t\t\t\t<li class=\"delete\"><button class=\"delete-button gform-theme-button--simple gform-theme-button--size-md\" data-bind=\"click: $parent.deleteEntry, attr: { 'aria-label': 'Delete Estudiante {0} where Nombre completo is {1}.'.gformFormat( $index() + 1, f3.label ) }\">Borrar<\/button><\/li>\n\t\t\t\t<\/ul>\n\t\t\t<\/td>\n\t\t<\/tr>\n\t\t<\/tbody>\n\n\t\t<tbody data-bind=\"visible: entries().length <= 0\">\n\t\t<tr class=\"gpnf-no-entries\" data-bind=\"visible: entries().length <= 0\" style=\"display: none;\">\n\t\t\t<td colspan=\"4\">\n\t\t\t\tNo hay <span>Estudiantes.<\/span>\t\t\t<\/td>\n\t\t<\/tr>\n\t\t<\/tbody>\n\n\t<\/table>\n\n\t<button type=\"button\" class=\"gpnf-add-entry\"\n\t\t        data-formid=\"67\"\n\t\t        data-nestedformid=\"31\"\n\t\t\t\tdata-bind=\"attr: { disabled: isMaxed }, css: { 'gf-default-disabled': isMaxed }\"\n\t\t\t\t>\n\t\t\t\tAgregar Estudiante\n\t\t\t<\/button>\t\n\t\t\t<p class=\"gpnf-add-entry-max\" data-bind=\"visible: isMaxed\" style=\"display: none;\">\n\t\t\t\tMaximum number of estudiantes reached.\n\t\t\t<\/p>\n<\/div>\n<input type=\"hidden\"\n                name=\"input_10\"\n                id=\"input_67_10\"\n                data-bind=\"value: entryIds\"\n                value=\"\" \/><\/div><\/div><\/div>\n        <div class='gform-footer gform_footer top_label'> <input type='submit' id='gform_submit_button_67' class='gform_button button' onclick='gform.submission.handleButtonClick(this);' value='Registrar'  \/> \n            <input type='hidden' class='gform_hidden' name='gform_submission_method' data-js='gform_submission_method_67' value='postback' \/>\n            <input type='hidden' class='gform_hidden' name='gform_theme' data-js='gform_theme_67' id='gform_theme_67' value='gravity-theme' \/>\n            <input type='hidden' class='gform_hidden' name='gform_style_settings' data-js='gform_style_settings_67' id='gform_style_settings_67' value='' \/>\n            <input type='hidden' class='gform_hidden' name='is_submit_67' value='1' \/>\n            <input type='hidden' class='gform_hidden' name='gform_submit' value='67' \/>\n            \n            <input type='hidden' class='gform_hidden' name='gform_unique_id' value='' \/>\n            <input type='hidden' class='gform_hidden' name='state_67' value='WyJ7XCIyXCI6W1wiNWZjZDVhMmMxZWRhNGU4Y2U3YzlkYjY5ODlkMjdmNWNcIixcIjlhMWM5NGJiNzM5YmE3MzUwM2ViMjZhYWU3MGI0NzBjXCJdLFwiMTJcIjpbXCJlN2QzYWJiOWE4YWYzZTI0ZmQwZTgyY2ZiMzk5OWU1ZVwiLFwiYzYxMjRmY2MyN2M2ZjA2MWNlM2ZkZjk2Mzg5YjMyNmZcIixcImZiYThmNGE3Y2NkZDVmYjhlN2VmMmJhNzU4NzcwODViXCIsXCJlZGNjNDE1ODcyMTEyYWViNTFmNmM0NzVhYjU2OTEwNFwiLFwiMzEwNGZkNzIzNGViMGRhNzlhMTdlZDBmZDUxYzg2MzJcIixcIjRjODQ1NTgyYThjYmE5ZmMyNmE5OGE1MGRjOTYyMDU3XCJdfSIsImJjZjcxNWQ4YWNlN2RmOGMyODgwYjQzOTQ5ZTBmODMzIl0=' \/>\n            <input type='hidden' autocomplete='off' class='gform_hidden' name='gform_target_page_number_67' id='gform_target_page_number_67' value='0' \/>\n            <input type='hidden' autocomplete='off' class='gform_hidden' name='gform_source_page_number_67' id='gform_source_page_number_67' value='1' \/>\n            <input type='hidden' name='gform_field_values' value='' \/>\n            \n        <\/div>\n                        <\/form>\n                        <\/div><script>\ngform.initializeOnLoaded( function() {gformInitSpinner( 67, 'https:\/\/crtecnica.com\/demoinstitucion\/wp-content\/plugins\/gravityforms\/images\/spinner.svg', true );jQuery('#gform_ajax_frame_67').on('load',function(){var contents = jQuery(this).contents().find('*').html();var is_postback = contents.indexOf('GF_AJAX_POSTBACK') >= 0;if(!is_postback){return;}var form_content = jQuery(this).contents().find('#gform_wrapper_67');var is_confirmation = jQuery(this).contents().find('#gform_confirmation_wrapper_67').length > 0;var is_redirect = contents.indexOf('gformRedirect(){') >= 0;var is_form = form_content.length > 0 && ! is_redirect && ! is_confirmation;var mt = parseInt(jQuery('html').css('margin-top'), 10) + parseInt(jQuery('body').css('margin-top'), 10) + 100;if(is_form){jQuery('#gform_wrapper_67').html(form_content.html());if(form_content.hasClass('gform_validation_error')){jQuery('#gform_wrapper_67').addClass('gform_validation_error');} else {jQuery('#gform_wrapper_67').removeClass('gform_validation_error');}setTimeout( function() { \/* delay the scroll by 50 milliseconds to fix a bug in chrome *\/  }, 50 );if(window['gformInitDatepicker']) {gformInitDatepicker();}if(window['gformInitPriceFields']) {gformInitPriceFields();}var current_page = jQuery('#gform_source_page_number_67').val();gformInitSpinner( 67, 'https:\/\/crtecnica.com\/demoinstitucion\/wp-content\/plugins\/gravityforms\/images\/spinner.svg', true );jQuery(document).trigger('gform_page_loaded', [67, current_page]);window['gf_submitting_67'] = false;}else if(!is_redirect){var confirmation_content = jQuery(this).contents().find('.GF_AJAX_POSTBACK').html();if(!confirmation_content){confirmation_content = contents;}jQuery('#gform_wrapper_67').replaceWith(confirmation_content);jQuery(document).trigger('gform_confirmation_loaded', [67]);window['gf_submitting_67'] = false;wp.a11y.speak(jQuery('#gform_confirmation_message_67').text());}else{jQuery('#gform_67').append(contents);if(window['gformRedirect']) {gformRedirect();}}jQuery(document).trigger(\"gform_pre_post_render\", [{ formId: \"67\", currentPage: \"current_page\", abort: function() { this.preventDefault(); } }]);                if (event && event.defaultPrevented) {                return;         }        const gformWrapperDiv = document.getElementById( \"gform_wrapper_67\" );        if ( gformWrapperDiv ) {            const visibilitySpan = document.createElement( \"span\" );            visibilitySpan.id = \"gform_visibility_test_67\";            gformWrapperDiv.insertAdjacentElement( \"afterend\", visibilitySpan );        }        const visibilityTestDiv = document.getElementById( \"gform_visibility_test_67\" );        let postRenderFired = false;                function triggerPostRender() {            if ( postRenderFired ) {                return;            }            postRenderFired = true;            jQuery( document ).trigger( 'gform_post_render', [67, current_page] );            gform.utils.trigger( { event: 'gform\/postRender', native: false, data: { formId: 67, currentPage: current_page } } );            gform.utils.trigger( { event: 'gform\/post_render', native: false, data: { formId: 67, currentPage: current_page } } );            if ( visibilityTestDiv ) {                visibilityTestDiv.parentNode.removeChild( visibilityTestDiv );            }        }        function debounce( func, wait, immediate ) {            var timeout;            return function() {                var context = this, args = arguments;                var later = function() {                    timeout = null;                    if ( !immediate ) func.apply( context, args );                };                var callNow = immediate && !timeout;                clearTimeout( timeout );                timeout = setTimeout( later, wait );                if ( callNow ) func.apply( context, args );            };        }        const debouncedTriggerPostRender = debounce( function() {            triggerPostRender();        }, 200 );        if ( visibilityTestDiv && visibilityTestDiv.offsetParent === null ) {            const observer = new MutationObserver( ( mutations ) => {                mutations.forEach( ( mutation ) => {                    if ( mutation.type === 'attributes' && visibilityTestDiv.offsetParent !== null ) {                        debouncedTriggerPostRender();                        observer.disconnect();                    }                });            });            observer.observe( document.body, {                attributes: true,                childList: false,                subtree: true,                attributeFilter: [ 'style', 'class' ],            });        } else {            triggerPostRender();        }    } );} );\n<\/script>\n\n\n","protected":false},"excerpt":{"rendered":"<p>MATR\u00cdCULA &#8211; CREAR GRUPOS POR DOCENTE VER LISTADOS Indicaciones: Seleccione los siguientes datos antes de a\u00f1adir a los estudiantes: -Semestre- Su nombre &#8211; El nivel &#8211; Secci\u00f3n &#8211; Verifique que todos estos datos est\u00e9n completos antes de continuar Para agregar estudiantes, haga clic en el bot\u00f3n AGREGAR ESTUDIANTE. Cuando se abra el formulario, indique el &#8230; <a title=\"Matricular en grupos\" class=\"read-more\" href=\"https:\/\/crtecnica.com\/demoinstitucion\/matricular-en-grupos\/\" aria-label=\"Leer m\u00e1s sobre Matricular en grupos\">Leer m\u00e1s<\/a><\/p>\n","protected":false},"author":1,"featured_media":0,"parent":0,"menu_order":0,"comment_status":"closed","ping_status":"closed","template":"","meta":{"footnotes":""},"class_list":["post-2042","page","type-page","status-publish"],"_links":{"self":[{"href":"https:\/\/crtecnica.com\/demoinstitucion\/wp-json\/wp\/v2\/pages\/2042","targetHints":{"allow":["GET"]}}],"collection":[{"href":"https:\/\/crtecnica.com\/demoinstitucion\/wp-json\/wp\/v2\/pages"}],"about":[{"href":"https:\/\/crtecnica.com\/demoinstitucion\/wp-json\/wp\/v2\/types\/page"}],"author":[{"embeddable":true,"href":"https:\/\/crtecnica.com\/demoinstitucion\/wp-json\/wp\/v2\/users\/1"}],"replies":[{"embeddable":true,"href":"https:\/\/crtecnica.com\/demoinstitucion\/wp-json\/wp\/v2\/comments?post=2042"}],"version-history":[{"count":6,"href":"https:\/\/crtecnica.com\/demoinstitucion\/wp-json\/wp\/v2\/pages\/2042\/revisions"}],"predecessor-version":[{"id":4500,"href":"https:\/\/crtecnica.com\/demoinstitucion\/wp-json\/wp\/v2\/pages\/2042\/revisions\/4500"}],"wp:attachment":[{"href":"https:\/\/crtecnica.com\/demoinstitucion\/wp-json\/wp\/v2\/media?parent=2042"}],"curies":[{"name":"wp","href":"https:\/\/api.w.org\/{rel}","templated":true}]}}