				{"id":2122,"date":"2024-03-23T17:28:50","date_gmt":"2024-03-23T23:28:50","guid":{"rendered":"https:\/\/crtecnica.com\/demoinstitucion\/?page_id=2122"},"modified":"2024-07-10T17:46:22","modified_gmt":"2024-07-10T23:46:22","slug":"reportar-ausencias","status":"publish","type":"page","link":"https:\/\/crtecnica.com\/demoinstitucion\/reportar-ausencias\/","title":{"rendered":"Reportar Ausencias"},"content":{"rendered":"\n<h3>\n\t\tREPORTE DE AUSENCIAS \n\t<\/h3>\n<h2>\n\t\tDEBE INCLUIR ESTUDIANTES EN SUS GRUPOS PRIMERO ANTES DE PODER REPORTAR AUSENCIAS\n\t<\/h2>\n\t<script type=\"text\/javascript\">var gform;gform||(document.addEventListener(\"gform_main_scripts_loaded\",function(){gform.scriptsLoaded=!0}),document.addEventListener(\"gform\/theme\/scripts_loaded\",function(){gform.themeScriptsLoaded=!0}),window.addEventListener(\"DOMContentLoaded\",function(){gform.domLoaded=!0}),gform={domLoaded:!1,scriptsLoaded:!1,themeScriptsLoaded:!1,isFormEditor:()=>\"function\"==typeof InitializeEditor,callIfLoaded:function(o){return!(!gform.domLoaded||!gform.scriptsLoaded||!gform.themeScriptsLoaded&&!gform.isFormEditor()||(gform.isFormEditor()&&console.warn(\"The use of gform.initializeOnLoaded() is deprecated in the form editor context and will be removed in Gravity Forms 3.1.\"),o(),0))},initializeOnLoaded:function(o){gform.callIfLoaded(o)||(document.addEventListener(\"gform_main_scripts_loaded\",()=>{gform.scriptsLoaded=!0,gform.callIfLoaded(o)}),document.addEventListener(\"gform\/theme\/scripts_loaded\",()=>{gform.themeScriptsLoaded=!0,gform.callIfLoaded(o)}),window.addEventListener(\"DOMContentLoaded\",()=>{gform.domLoaded=!0,gform.callIfLoaded(o)}))},hooks:{action:{},filter:{}},addAction:function(o,r,e,t){gform.addHook(\"action\",o,r,e,t)},addFilter:function(o,r,e,t){gform.addHook(\"filter\",o,r,e,t)},doAction:function(o){gform.doHook(\"action\",o,arguments)},applyFilters:function(o){return gform.doHook(\"filter\",o,arguments)},removeAction:function(o,r){gform.removeHook(\"action\",o,r)},removeFilter:function(o,r,e){gform.removeHook(\"filter\",o,r,e)},addHook:function(o,r,e,t,n){null==gform.hooks[o][r]&&(gform.hooks[o][r]=[]);var d=gform.hooks[o][r];null==n&&(n=r+\"_\"+d.length),gform.hooks[o][r].push({tag:n,callable:e,priority:t=null==t?10:t})},doHook:function(r,o,e){var t;if(e=Array.prototype.slice.call(e,1),null!=gform.hooks[r][o]&&((o=gform.hooks[r][o]).sort(function(o,r){return o.priority-r.priority}),o.forEach(function(o){\"function\"!=typeof(t=o.callable)&&(t=window[t]),\"action\"==r?t.apply(null,e):e[0]=t.apply(null,e)})),\"filter\"==r)return e[0]},removeHook:function(o,r,t,n){var e;null!=gform.hooks[o][r]&&(e=(e=gform.hooks[o][r]).filter(function(o,r,e){return!!(null!=n&&n!=o.tag||null!=t&&t!=o.priority)}),gform.hooks[o][r]=e)}});<\/script>\n                <div class='gf_browser_gecko gform_wrapper gravity-theme gform-theme--no-framework' data-form-theme='gravity-theme' data-form-index='0' id='gform_wrapper_33' style='display:none'>\n                        <div class='gform_heading'>\n                            <p class='gform_description'><\/p>\n                        <\/div><form method='post' enctype='multipart\/form-data'  id='gform_33'  action='\/demoinstitucion\/wp-json\/wp\/v2\/pages\/2122' data-formid='33' novalidate><input id=\"gpnf_session_hash_33\" type=\"hidden\" name=\"gpnf_session_hash\" value=\"6a9faba0745a\"><input type=\"hidden\" value=\"0\" name=\"gpps_page_progression_33\" \/>\n                        <div class='gform-body gform_body'><div id='gform_fields_33' class='gform_fields top_label form_sublabel_below description_below validation_below'><div id=\"field_33_1\" class=\"gfield gfield--type-text gfield--input-type-text gfield--width-third field_sublabel_below gfield--no-description field_description_below field_validation_below gfield_visibility_visible\"  data-js-reload=\"field_33_1\" ><label class='gfield_label gform-field-label' for='input_33_1'>A\u00f1o lectivo<\/label><div class='ginput_container ginput_container_text'><input readonly='readonly' name='input_1' id='input_33_1' type='text' value='2026' class='small'      aria-invalid=\"false\"   \/><\/div><\/div><div id=\"field_33_7\" class=\"gfield gfield--type-select gfield--input-type-select gfield--width-third gfield_contains_required field_sublabel_below gfield--no-description field_description_below field_validation_below gfield_visibility_visible\"  data-js-reload=\"field_33_7\" ><label class='gfield_label gform-field-label' for='input_33_7'>Semestre<span class=\"gfield_required\"><span class=\"gfield_required gfield_required_text\">(Obligatorio)<\/span><\/span><\/label><div class='ginput_container ginput_container_select'><select name='input_7' id='input_33_7' class='large gfield_select'    aria-required=\"true\" aria-invalid=\"false\" ><option value='I Sem.' >I Sem.<\/option><option value='II Sem.' >II Sem.<\/option><\/select><\/div><\/div><div id=\"field_33_6\" class=\"gfield gfield--type-date gfield--input-type-date gfield--input-type-datepicker gfield--datepicker-no-icon gfield--width-third gfield_contains_required field_sublabel_below gfield--no-description field_description_below field_validation_below gfield_visibility_visible\"  data-js-reload=\"field_33_6\" ><label class='gfield_label gform-field-label' for='input_33_6'>Fecha de la ausencia<span class=\"gfield_required\"><span class=\"gfield_required gfield_required_text\">(Obligatorio)<\/span><\/span><\/label><div class='ginput_container ginput_container_date'>\n                            <input name='input_6' id='input_33_6' type='text' value='' class='datepicker gform-datepicker dmy datepicker_no_icon gdatepicker-no-icon'   placeholder='dd\/mm\/aaaa' aria-describedby=\"input_33_6_date_format\" aria-invalid=\"false\" aria-required=\"true\"\/>\n                            <span id='input_33_6_date_format' class='screen-reader-text'>DD barra MM barra AAAA<\/span>\n                        <\/div>\n                        <input type='hidden' id='gforms_calendar_icon_input_33_6' class='gform_hidden' value='https:\/\/crtecnica.com\/demoinstitucion\/wp-content\/plugins\/gravityforms\/images\/datepicker\/datepicker.svg'\/><\/div><div id=\"field_33_10\" class=\"gfield gfield--type-select gfield--input-type-select gfield--width-third gfield_contains_required field_sublabel_below gfield--no-description field_description_below field_validation_below gfield_visibility_visible\"  data-js-reload=\"field_33_10\" ><label class='gfield_label gform-field-label' for='input_33_10'>Docente<span class=\"gfield_required\"><span class=\"gfield_required gfield_required_text\">(Obligatorio)<\/span><\/span><\/label><div class='ginput_container ginput_container_select'><select name='input_10' id='input_33_10' class='large gfield_select'    aria-required=\"true\" aria-invalid=\"false\" ><option value='Alex Gabriel Ruiz P\u00e9rez' selected='selected'>Alex Gabriel Ruiz P\u00e9rez<\/option><option value='Ana Isabel Moreno Fern\u00e1ndez' >Ana Isabel Moreno Fern\u00e1ndez<\/option><option value='Andrea Camila Mart\u00ednez Hern\u00e1ndez' >Andrea Camila Mart\u00ednez Hern\u00e1ndez<\/option><option value='Axel Sebasti\u00e1n Romero \u00c1lvarez' >Axel Sebasti\u00e1n Romero \u00c1lvarez<\/option><option value='Camila Alejandra Herrera P\u00e9rez' >Camila Alejandra Herrera P\u00e9rez<\/option><option value='Clara Emilia Santos \u00c1lvarez' >Clara Emilia Santos \u00c1lvarez<\/option><option value='Daniel Nicol\u00e1s Guti\u00e9rrez S\u00e1nchez' >Daniel Nicol\u00e1s Guti\u00e9rrez S\u00e1nchez<\/option><option value='David Miguel Morales P\u00e9rez' >David Miguel Morales P\u00e9rez<\/option><option value='Javier Andr\u00e9s Navarro Ruiz' >Javier Andr\u00e9s Navarro Ruiz<\/option><option value='Laura Sof\u00eda Castro Murillo' >Laura Sof\u00eda Castro Murillo<\/option><option value='Lucas Mateo Rodr\u00edguez Mart\u00ednez' >Lucas Mateo Rodr\u00edguez Mart\u00ednez<\/option><option value='Luc\u00eda Emilia Rodr\u00edguez Mart\u00ednez' >Luc\u00eda Emilia Rodr\u00edguez Mart\u00ednez<\/option><option value='Marcos Antonio Santos \u00c1lvarez' >Marcos Antonio Santos \u00c1lvarez<\/option><option value='Mar\u00eda Fernanda Navarro Rojas' >Mar\u00eda Fernanda Navarro Rojas<\/option><option value='Mariana Andrea Blanco Picado' >Mariana Andrea Blanco Picado<\/option><option value='Mart\u00edn Sebasti\u00e1n Castro Gonz\u00e1lez' >Mart\u00edn Sebasti\u00e1n Castro Gonz\u00e1lez<\/option><option value='Mateo Andr\u00e9s Hern\u00e1ndez L\u00f3pez' >Mateo Andr\u00e9s Hern\u00e1ndez L\u00f3pez<\/option><option value='Pablo Daniel Delgado Romero' >Pablo Daniel Delgado Romero<\/option><option value='Patricio Nicol\u00e1s Gonz\u00e1lez L\u00f3pez' >Patricio Nicol\u00e1s Gonz\u00e1lez L\u00f3pez<\/option><option value='Paula Valentina Delgado Romero' >Paula Valentina Delgado Romero<\/option><option value='Santiago Alejandro Romero Garc\u00eda' >Santiago Alejandro Romero Garc\u00eda<\/option><option value='Sergio Miguel Moreno Fern\u00e1ndez' >Sergio Miguel Moreno Fern\u00e1ndez<\/option><option value='Valentina Isabella Morales P\u00e9rez' >Valentina Isabella Morales P\u00e9rez<\/option><option value='Valeria Sof\u00eda Fern\u00e1ndez Garc\u00eda' >Valeria Sof\u00eda Fern\u00e1ndez Garc\u00eda<\/option><\/select><\/div><\/div><div id=\"field_33_14\" class=\"gfield gfield--type-select gfield--input-type-select gfield--width-third field_sublabel_below gfield--no-description field_description_below field_validation_below gfield_visibility_visible\"  data-js-reload=\"field_33_14\" ><label class='gfield_label gform-field-label' for='input_33_14'>Grupo<\/label><div class='ginput_container ginput_container_select'><select name='input_14' id='input_33_14' class='large gfield_select'     aria-invalid=\"false\" ><option value='S\u00e9timo' selected='selected'>S\u00e9timo<\/option><\/select><\/div><\/div><div id=\"field_33_13\" class=\"gfield gfield--type-select gfield--input-type-select gfield--width-third field_sublabel_below gfield--no-description field_description_below field_validation_below gfield_visibility_visible\"  data-js-reload=\"field_33_13\" ><label class='gfield_label gform-field-label' for='input_33_13'>Secci\u00f3n<\/label><div class='ginput_container ginput_container_select'><select name='input_13' id='input_33_13' class='large gfield_select'     aria-invalid=\"false\" ><option value='1' selected='selected'>1<\/option><\/select><\/div><\/div><fieldset id=\"field_33_8\" class=\"gfield gfield--type-radio gfield--type-choice gfield--input-type-radio gfield--width-half field_sublabel_below gfield--no-description field_description_below field_validation_below gfield_visibility_visible\"  data-js-reload=\"field_33_8\" ><legend class='gfield_label gform-field-label' >Desea recibir correo de esta notificaci\u00f3n?<\/legend><div class='ginput_container ginput_container_radio'><div class='gfield_radio' id='input_33_8'>\n\t\t\t<div class='gchoice gchoice_33_8_0'>\n\t\t\t\t\t<input class='gfield-choice-input' name='input_8' type='radio' value='No' checked='checked' id='choice_33_8_0' onchange='gformToggleRadioOther( this )'    \/>\n\t\t\t\t\t<label for='choice_33_8_0' id='label_33_8_0' class='gform-field-label gform-field-label--type-inline'>No<\/label>\n\t\t\t<\/div>\n\t\t\t<div class='gchoice gchoice_33_8_1'>\n\t\t\t\t\t<input class='gfield-choice-input' name='input_8' type='radio' value='Si'  id='choice_33_8_1' onchange='gformToggleRadioOther( this )'    \/>\n\t\t\t\t\t<label for='choice_33_8_1' id='label_33_8_1' class='gform-field-label gform-field-label--type-inline'>Si<\/label>\n\t\t\t<\/div><\/div><\/div><\/fieldset><div id=\"field_33_9\" class=\"gfield gfield--type-email gfield--input-type-email gfield--width-half field_sublabel_below gfield--no-description field_description_below field_validation_below gfield_visibility_visible\"  data-js-reload=\"field_33_9\" ><label class='gfield_label gform-field-label' for='input_33_9'>Correo del docente<\/label><div class='ginput_container ginput_container_email'>\n                            <input name='input_9' id='input_33_9' type='email' value='' class='large'     aria-invalid=\"false\"  \/>\n                        <\/div><\/div><div id=\"field_33_5\" class=\"gfield gfield--type-form gfield--input-type-form gform-theme__no-reset--children gfield--width-full field_sublabel_below gfield--no-description field_description_below field_validation_below gfield_visibility_visible\"  data-js-reload=\"field_33_5\" ><label class='gfield_label gform-field-label' for='input_33_5'>Agregar Estudiantes<\/label><div class=\"gpnf-nested-entries-container ginput_container\">\n\n\t<table class=\"gpnf-nested-entries\">\n\n\t\t<thead>\n\t\t<tr>\n\t\t\t\t\t\t\t<th class=\"gpnf-field-1\">\n\t\t\t\t\tNombre del estudiante\t\t\t\t<\/th>\n\t\t\t\t\t\t\t<th class=\"gpnf-field-4\">\n\t\t\t\t\tC\u00e9dula\t\t\t\t<\/th>\n\t\t\t\t\t\t\t<th class=\"gpnf-field-6\">\n\t\t\t\t\tTipo de ausencia\t\t\t\t<\/th>\n\t\t\t\t\t\t\t<th class=\"gpnf-field-20\">\n\t\t\t\t\tCantidad de ausencias\t\t\t\t<\/th>\n\t\t\t\t\t\t<th class=\"gpnf-row-actions\"><span class=\"screen-reader-text\">Actions<\/span><\/th>\n\t\t<\/tr>\n\t\t<\/thead>\n\n\t\t<tbody data-bind=\"visible: entries().length, foreach: entries\">\n\t\t<tr data-bind=\"attr: { 'data-entryid': id }\">\n\t\t\t\t\t\t\t<td class=\"gpnf-field\"\n\t\t\t\t\tdata-bind=\"html: f1.label, attr: { 'data-value': f1.label }\"\n\t\t\t\t\tdata-heading=\"Nombre del estudiante\"\n\t\t\t\t>&nbsp;<\/td>\n\t\t\t\t\t\t\t<td class=\"gpnf-field\"\n\t\t\t\t\tdata-bind=\"html: f4.label, attr: { 'data-value': f4.label }\"\n\t\t\t\t\tdata-heading=\"C\u00e9dula\"\n\t\t\t\t>&nbsp;<\/td>\n\t\t\t\t\t\t\t<td class=\"gpnf-field\"\n\t\t\t\t\tdata-bind=\"html: f6.label, attr: { 'data-value': f6.label }\"\n\t\t\t\t\tdata-heading=\"Tipo de ausencia\"\n\t\t\t\t>&nbsp;<\/td>\n\t\t\t\t\t\t\t<td class=\"gpnf-field\"\n\t\t\t\t\tdata-bind=\"html: f20.label, attr: { 'data-value': f20.label }\"\n\t\t\t\t\tdata-heading=\"Cantidad de ausencias\"\n\t\t\t\t>&nbsp;<\/td>\n\t\t\t\t\t\t<td class=\"gpnf-row-actions\" style=\"display: none;\" data-bind=\"visible: true\">\n\t\t\t\t<ul>\n\t\t\t\t\t<li class=\"edit\"><button class=\"edit-button gform-theme-button--secondary\" data-bind=\"click: $parent.editEntry, attr: { 'aria-label': 'Edit Estudiante {0} where Nombre del estudiante is {1}.'.gformFormat( $index() + 1, f1.label ) }\">Editar<\/button><\/li>\n\t\t\t\t\t\t\t\t\t\t<li class=\"delete\"><button class=\"delete-button gform-theme-button--simple gform-theme-button--size-md\" data-bind=\"click: $parent.deleteEntry, attr: { 'aria-label': 'Delete Estudiante {0} where Nombre del estudiante is {1}.'.gformFormat( $index() + 1, f1.label ) }\">Borrar<\/button><\/li>\n\t\t\t\t<\/ul>\n\t\t\t<\/td>\n\t\t<\/tr>\n\t\t<\/tbody>\n\n\t\t<tbody data-bind=\"visible: entries().length <= 0\">\n\t\t<tr class=\"gpnf-no-entries\" data-bind=\"visible: entries().length <= 0\" style=\"display: none;\">\n\t\t\t<td colspan=\"5\">\n\t\t\t\tNo hay <span>Estudiantes.<\/span>\t\t\t<\/td>\n\t\t<\/tr>\n\t\t<\/tbody>\n\n\t<\/table>\n\n\t<button type=\"button\" class=\"gpnf-add-entry\"\n\t\t        data-formid=\"33\"\n\t\t        data-nestedformid=\"34\"\n\t\t\t\tdata-bind=\"attr: { disabled: isMaxed }, css: { 'gf-default-disabled': isMaxed }\"\n\t\t\t\t>\n\t\t\t\tAgregar Estudiante\n\t\t\t<\/button>\t\n\t\t\t<p class=\"gpnf-add-entry-max\" data-bind=\"visible: isMaxed\" style=\"display: none;\">\n\t\t\t\tMaximum number of estudiantes reached.\n\t\t\t<\/p>\n<\/div>\n<input type=\"hidden\"\n                name=\"input_5\"\n                id=\"input_33_5\"\n                data-bind=\"value: entryIds\"\n                value=\"\" \/><\/div><\/div><\/div>\n        <div class='gform-footer gform_footer top_label'> <input type='submit' id='gform_submit_button_33' class='gform_button button' onclick='gform.submission.handleButtonClick(this);' value='Registrar'  \/> \n            <input type='hidden' class='gform_hidden' name='gform_submission_method' data-js='gform_submission_method_33' value='postback' \/>\n            <input type='hidden' class='gform_hidden' name='gform_theme' data-js='gform_theme_33' id='gform_theme_33' value='gravity-theme' \/>\n            <input type='hidden' class='gform_hidden' name='gform_style_settings' data-js='gform_style_settings_33' id='gform_style_settings_33' value='' \/>\n            <input type='hidden' class='gform_hidden' name='is_submit_33' value='1' \/>\n            <input type='hidden' class='gform_hidden' name='gform_submit' value='33' \/>\n            \n            <input type='hidden' class='gform_hidden' name='gform_unique_id' value='' \/>\n            <input type='hidden' class='gform_hidden' name='state_33' value='WyJ7XCI3XCI6W1wiOGM3OTkzZThmMWJkOTc4ODU0ZDMzMDFkYzEzZmM2ZGNcIixcIjA1MGMwNGY4ZGQ1Zjk2Y2ZhMDk1YmI5NmI0ZmExMDM3XCJdLFwiOFwiOltcIjY5MTlkYjZkYzM0MTQ5NjI2ZWUzNjljZTI4YTgyNjU4XCIsXCJiNTBhYjAzNDhjZWVlZWY3MmYwZmNkNmIzNzZlZDU5OFwiXX0iLCI4M2E2MzYyOTY4ZjhiN2I1NjRmMmM1M2E0NDgyNWFhNSJd' \/>\n            <input type='hidden' autocomplete='off' class='gform_hidden' name='gform_target_page_number_33' id='gform_target_page_number_33' value='0' \/>\n            <input type='hidden' autocomplete='off' class='gform_hidden' name='gform_source_page_number_33' id='gform_source_page_number_33' value='1' \/>\n            <input type='hidden' name='gform_field_values' value='' \/>\n            \n        <\/div>\n                        <\/form>\n                        <\/div><script>\ngform.initializeOnLoaded( function() {gformInitSpinner( 33, 'https:\/\/crtecnica.com\/demoinstitucion\/wp-content\/plugins\/gravityforms\/images\/spinner.svg', true );jQuery('#gform_ajax_frame_33').on('load',function(){var contents = jQuery(this).contents().find('*').html();var is_postback = contents.indexOf('GF_AJAX_POSTBACK') >= 0;if(!is_postback){return;}var form_content = jQuery(this).contents().find('#gform_wrapper_33');var is_confirmation = jQuery(this).contents().find('#gform_confirmation_wrapper_33').length > 0;var is_redirect = contents.indexOf('gformRedirect(){') >= 0;var is_form = form_content.length > 0 && ! is_redirect && ! is_confirmation;var mt = parseInt(jQuery('html').css('margin-top'), 10) + parseInt(jQuery('body').css('margin-top'), 10) + 100;if(is_form){form_content.find('form').css('opacity', 0);jQuery('#gform_wrapper_33').html(form_content.html());if(form_content.hasClass('gform_validation_error')){jQuery('#gform_wrapper_33').addClass('gform_validation_error');} else {jQuery('#gform_wrapper_33').removeClass('gform_validation_error');}setTimeout( function() { \/* delay the scroll by 50 milliseconds to fix a bug in chrome *\/  }, 50 );if(window['gformInitDatepicker']) {gformInitDatepicker();}if(window['gformInitPriceFields']) {gformInitPriceFields();}var current_page = jQuery('#gform_source_page_number_33').val();gformInitSpinner( 33, 'https:\/\/crtecnica.com\/demoinstitucion\/wp-content\/plugins\/gravityforms\/images\/spinner.svg', true );jQuery(document).trigger('gform_page_loaded', [33, current_page]);window['gf_submitting_33'] = false;}else if(!is_redirect){var confirmation_content = jQuery(this).contents().find('.GF_AJAX_POSTBACK').html();if(!confirmation_content){confirmation_content = contents;}jQuery('#gform_wrapper_33').replaceWith(confirmation_content);jQuery(document).trigger('gform_confirmation_loaded', [33]);window['gf_submitting_33'] = false;wp.a11y.speak(jQuery('#gform_confirmation_message_33').text());}else{jQuery('#gform_33').append(contents);if(window['gformRedirect']) {gformRedirect();}}jQuery(document).trigger(\"gform_pre_post_render\", [{ formId: \"33\", currentPage: \"current_page\", abort: function() { this.preventDefault(); } }]);                if (event && event.defaultPrevented) {                return;         }        const gformWrapperDiv = document.getElementById( \"gform_wrapper_33\" );        if ( gformWrapperDiv ) {            const visibilitySpan = document.createElement( \"span\" );            visibilitySpan.id = \"gform_visibility_test_33\";            gformWrapperDiv.insertAdjacentElement( \"afterend\", visibilitySpan );        }        const visibilityTestDiv = document.getElementById( \"gform_visibility_test_33\" );        let postRenderFired = false;                function triggerPostRender() {            if ( postRenderFired ) {                return;            }            postRenderFired = true;            jQuery( document ).trigger( 'gform_post_render', [33, current_page] );            gform.utils.trigger( { event: 'gform\/postRender', native: false, data: { formId: 33, currentPage: current_page } } );            gform.utils.trigger( { event: 'gform\/post_render', native: false, data: { formId: 33, currentPage: current_page } } );            if ( visibilityTestDiv ) {                visibilityTestDiv.parentNode.removeChild( visibilityTestDiv );            }        }        function debounce( func, wait, immediate ) {            var timeout;            return function() {                var context = this, args = arguments;                var later = function() {                    timeout = null;                    if ( !immediate ) func.apply( context, args );                };                var callNow = immediate && !timeout;                clearTimeout( timeout );                timeout = setTimeout( later, wait );                if ( callNow ) func.apply( context, args );            };        }        const debouncedTriggerPostRender = debounce( function() {            triggerPostRender();        }, 200 );        if ( visibilityTestDiv && visibilityTestDiv.offsetParent === null ) {            const observer = new MutationObserver( ( mutations ) => {                mutations.forEach( ( mutation ) => {                    if ( mutation.type === 'attributes' && visibilityTestDiv.offsetParent !== null ) {                        debouncedTriggerPostRender();                        observer.disconnect();                    }                });            });            observer.observe( document.body, {                attributes: true,                childList: false,                subtree: true,                attributeFilter: [ 'style', 'class' ],            });        } else {            triggerPostRender();        }    } );} );\n<\/script>\n\n\n","protected":false},"excerpt":{"rendered":"<p>REPORTE DE AUSENCIAS DEBE INCLUIR ESTUDIANTES EN SUS GRUPOS PRIMERO ANTES DE PODER REPORTAR AUSENCIAS<\/p>\n","protected":false},"author":1,"featured_media":0,"parent":0,"menu_order":0,"comment_status":"closed","ping_status":"closed","template":"","meta":{"footnotes":""},"class_list":["post-2122","page","type-page","status-publish"],"_links":{"self":[{"href":"https:\/\/crtecnica.com\/demoinstitucion\/wp-json\/wp\/v2\/pages\/2122","targetHints":{"allow":["GET"]}}],"collection":[{"href":"https:\/\/crtecnica.com\/demoinstitucion\/wp-json\/wp\/v2\/pages"}],"about":[{"href":"https:\/\/crtecnica.com\/demoinstitucion\/wp-json\/wp\/v2\/types\/page"}],"author":[{"embeddable":true,"href":"https:\/\/crtecnica.com\/demoinstitucion\/wp-json\/wp\/v2\/users\/1"}],"replies":[{"embeddable":true,"href":"https:\/\/crtecnica.com\/demoinstitucion\/wp-json\/wp\/v2\/comments?post=2122"}],"version-history":[{"count":3,"href":"https:\/\/crtecnica.com\/demoinstitucion\/wp-json\/wp\/v2\/pages\/2122\/revisions"}],"predecessor-version":[{"id":4504,"href":"https:\/\/crtecnica.com\/demoinstitucion\/wp-json\/wp\/v2\/pages\/2122\/revisions\/4504"}],"wp:attachment":[{"href":"https:\/\/crtecnica.com\/demoinstitucion\/wp-json\/wp\/v2\/media?parent=2122"}],"curies":[{"name":"wp","href":"https:\/\/api.w.org\/{rel}","templated":true}]}}