{"id":4354,"date":"2024-06-25T16:50:39","date_gmt":"2024-06-25T22:50:39","guid":{"rendered":"https:\/\/crtecnica.com\/demoinstitucion\/?page_id=4354"},"modified":"2024-09-08T15:14:09","modified_gmt":"2024-09-08T21:14:09","slug":"graficos-de-alerta-temprana","status":"publish","type":"page","link":"https:\/\/crtecnica.com\/demoinstitucion\/graficos-de-alerta-temprana\/","title":{"rendered":"Gr\u00e1ficos de Alerta Temprana"},"content":{"rendered":"\n<h2>\n\t\tGR\u00c1FICOS-ALERTA TEMPRANA (CURSO LECTIVO 2024)\n\t<\/h2>\n\t<div class=\"gk-gravitycharts-shortcode\" style=\"display: none !important; \" data-chart-feed-id=\"3\" data-chart-data=\"{&quot;type&quot;:&quot;pie&quot;,&quot;options&quot;:{&quot;animation&quot;:false,&quot;borderAlign&quot;:&quot;center&quot;,&quot;borderJoinStyle&quot;:&quot;round&quot;,&quot;spanGaps&quot;:true,&quot;fill&quot;:&quot;origin&quot;,&quot;locale&quot;:&quot;es&quot;,&quot;pointHitRadius&quot;:0,&quot;pointBorderWidth&quot;:0,&quot;pointHoverBorderWidth&quot;:0,&quot;layout&quot;:{&quot;padding&quot;:20},&quot;plugins&quot;:{&quot;legend&quot;:{&quot;labels&quot;:{&quot;boxHeight&quot;:15},&quot;display&quot;:&quot;1&quot;,&quot;position&quot;:&quot;top&quot;,&quot;align&quot;:&quot;center&quot;},&quot;datalabels&quot;:{&quot;clamp&quot;:true,&quot;display&quot;:&quot;auto&quot;,&quot;opacity&quot;:&quot;1&quot;,&quot;font&quot;:{&quot;size&quot;:&quot;20&quot;},&quot;offset&quot;:&quot;20&quot;,&quot;text&quot;:&quot;percentage&quot;,&quot;position&quot;:&quot;border&quot;,&quot;color_custom&quot;:&quot;1&quot;,&quot;color_dark&quot;:&quot;#000000&quot;,&quot;color_light&quot;:&quot;#ff0000&quot;,&quot;anchor&quot;:&quot;end&quot;,&quot;align&quot;:&quot;start&quot;},&quot;tooltip&quot;:{&quot;displayColors&quot;:false},&quot;title&quot;:{&quot;display&quot;:&quot;1&quot;,&quot;text&quot;:&quot;ALERTAS POR TIPO&quot;,&quot;fullSize&quot;:true,&quot;font&quot;:{&quot;size&quot;:&quot;22&quot;}}},&quot;aspectRatio&quot;:&quot;2&quot;,&quot;indexAxis&quot;:&quot;x&quot;,&quot;tension&quot;:&quot;0&quot;,&quot;cutout&quot;:&quot;20%&quot;,&quot;offset&quot;:&quot;24&quot;,&quot;pointRadius&quot;:&quot;6&quot;,&quot;pointHoverRadius&quot;:&quot;6&quot;,&quot;pointStyle&quot;:&quot;circle&quot;,&quot;borderWidth&quot;:&quot;6&quot;,&quot;useValues&quot;:&quot;1&quot;},&quot;data&quot;:{&quot;fieldLabels&quot;:[&quot;Riesgo de exclusi\\u00f3n&quot;,&quot;Ausentismo&quot;],&quot;values&quot;:[&quot;Riesgo de exclusi\\u00f3n&quot;,&quot;Ausentismo&quot;],&quot;datasets&quot;:[{&quot;label&quot;:&quot;Origen de la alerta&quot;,&quot;data&quot;:[2,1],&quot;backgroundColor&quot;:[&quot;rgba(26, 153, 136,0.85)&quot;,&quot;rgba(45, 114, 157,0.85)&quot;,&quot;rgba(31, 62, 120,0.85)&quot;,&quot;rgba(235, 86, 0,0.85)&quot;,&quot;rgba(255, 153, 172,0.85)&quot;,&quot;rgba(255, 212, 184,0.85)&quot;],&quot;borderColor&quot;:[&quot;rgb(26, 153, 136)&quot;,&quot;rgb(45, 114, 157)&quot;,&quot;rgb(31, 62, 120)&quot;,&quot;rgb(235, 86, 0)&quot;,&quot;rgb(255, 153, 172)&quot;,&quot;rgb(255, 212, 184)&quot;],&quot;pointBackgroundColor&quot;:&quot;rgb(26, 153, 136)&quot;,&quot;borderAlign&quot;:&quot;center&quot;}],&quot;labels&quot;:[&quot;Riesgo de exclusi\\u00f3n&quot;,&quot;Ausentismo&quot;]},&quot;ariaLabel&quot;:&quot;A pie \\\/ doughnut chart with the following data: Dataset 1: Riesgo de exclusi\\u00f3n: 2; Ausentismo: 1.&quot;}\">\n\t<canvas aria-label=\"A pie \/ doughnut chart with the following data: Dataset 1: Riesgo de exclusi\u00f3n: 2; Ausentismo: 1.\" style=\"\"><\/canvas>\n<\/div>\n<h2>\n\t\tAlertas Por Tipo ( Curso 2024)\n\t<\/h2>\n\t<div class=\"gk-gravitycharts-shortcode\" style=\"display: none !important; \" data-chart-feed-id=\"5\" data-chart-data=\"{&quot;type&quot;:&quot;bar&quot;,&quot;options&quot;:{&quot;animation&quot;:false,&quot;borderAlign&quot;:&quot;inner&quot;,&quot;borderJoinStyle&quot;:&quot;round&quot;,&quot;spanGaps&quot;:true,&quot;fill&quot;:&quot;origin&quot;,&quot;locale&quot;:&quot;es&quot;,&quot;pointHitRadius&quot;:0,&quot;pointBorderWidth&quot;:0,&quot;pointHoverBorderWidth&quot;:0,&quot;layout&quot;:{&quot;padding&quot;:20},&quot;plugins&quot;:{&quot;legend&quot;:{&quot;labels&quot;:{&quot;boxHeight&quot;:15},&quot;display&quot;:&quot;1&quot;,&quot;position&quot;:&quot;bottom&quot;,&quot;align&quot;:&quot;center&quot;},&quot;datalabels&quot;:{&quot;clamp&quot;:true,&quot;display&quot;:&quot;auto&quot;,&quot;opacity&quot;:&quot;1&quot;,&quot;font&quot;:{&quot;size&quot;:&quot;14&quot;},&quot;offset&quot;:&quot;14&quot;,&quot;text&quot;:&quot;percentage&quot;,&quot;position&quot;:&quot;default&quot;,&quot;color_custom&quot;:&quot;&quot;,&quot;color_dark&quot;:&quot;#000000&quot;,&quot;color_light&quot;:&quot;#ffffff&quot;,&quot;anchor&quot;:&quot;center&quot;,&quot;align&quot;:&quot;center&quot;},&quot;tooltip&quot;:{&quot;displayColors&quot;:false},&quot;title&quot;:{&quot;display&quot;:&quot;1&quot;,&quot;text&quot;:&quot;POSEE ADECUACI\\u00d3N&quot;,&quot;fullSize&quot;:true,&quot;font&quot;:{&quot;size&quot;:&quot;22&quot;}}},&quot;scales&quot;:{&quot;x&quot;:{&quot;time&quot;:{&quot;displayFormats&quot;:{&quot;day&quot;:&quot;yyyy-MM-dd&quot;,&quot;week&quot;:&quot;&#039;W&#039;WW&quot;,&quot;month&quot;:&quot;yyyy-MM&quot;,&quot;quarter&quot;:&quot;yyyy &#039;Q&#039;q&quot;,&quot;year&quot;:&quot;yyyy&quot;},&quot;tooltipFormat&quot;:&quot;yyyy-MM-dd&quot;,&quot;isoWeekday&quot;:true,&quot;unit&quot;:&quot;day&quot;},&quot;ticks&quot;:{&quot;autoSkip&quot;:true,&quot;source&quot;:&quot;auto&quot;},&quot;title&quot;:{&quot;display&quot;:&quot;1&quot;,&quot;text&quot;:&quot;\\u00bfTiene adecuaci\\u00f3n?&quot;}},&quot;y&quot;:{&quot;grid&quot;:{&quot;display&quot;:&quot;1&quot;},&quot;title&quot;:{&quot;display&quot;:&quot;&quot;,&quot;text&quot;:&quot;&quot;}}},&quot;aspectRatio&quot;:&quot;2&quot;,&quot;indexAxis&quot;:&quot;x&quot;,&quot;tension&quot;:&quot;0&quot;,&quot;cutout&quot;:&quot;0&quot;,&quot;offset&quot;:&quot;24&quot;,&quot;pointRadius&quot;:&quot;6&quot;,&quot;pointHoverRadius&quot;:&quot;6&quot;,&quot;pointStyle&quot;:&quot;circle&quot;,&quot;borderWidth&quot;:&quot;3&quot;,&quot;useValues&quot;:&quot;1&quot;},&quot;data&quot;:{&quot;fieldLabels&quot;:[&quot;No&quot;,&quot;Si&quot;],&quot;values&quot;:[&quot;No&quot;,&quot;Si&quot;],&quot;datasets&quot;:[{&quot;label&quot;:&quot;Tiene adecuaci\\u00f3n?&quot;,&quot;data&quot;:[3,0],&quot;backgroundColor&quot;:[&quot;rgba(245, 149, 156,0.85)&quot;,&quot;rgba(0, 99, 145,0.85)&quot;,&quot;rgba(254, 185, 41,0.85)&quot;,&quot;rgba(226, 74, 56,0.85)&quot;,&quot;rgba(40, 153, 139,0.85)&quot;,&quot;rgba(192, 222, 0,0.85)&quot;],&quot;borderColor&quot;:[&quot;rgb(245, 149, 156)&quot;,&quot;rgb(0, 99, 145)&quot;,&quot;rgb(254, 185, 41)&quot;,&quot;rgb(226, 74, 56)&quot;,&quot;rgb(40, 153, 139)&quot;,&quot;rgb(192, 222, 0)&quot;],&quot;pointBackgroundColor&quot;:&quot;rgb(245, 149, 156)&quot;,&quot;borderAlign&quot;:&quot;center&quot;}],&quot;labels&quot;:[&quot;No&quot;,&quot;Si&quot;]},&quot;ariaLabel&quot;:&quot;A bar \\\/ column chart, values from 0 to the maximum value, with the following data: Dataset 1: No: 3; Si: 0.&quot;}\">\n\t<canvas aria-label=\"A bar \/ column chart, values from 0 to the maximum value, with the following data: Dataset 1: No: 3; Si: 0.\" style=\"\"><\/canvas>\n<\/div>\n<h2>\n\t\tAlertas Si posee Adecuaci\u00f3n ( Curso 2024)\n\t<\/h2>\n\t<div class=\"gk-gravitycharts-shortcode\" style=\"display: none !important; \" data-chart-feed-id=\"7\" data-chart-data=\"{&quot;type&quot;:&quot;bar&quot;,&quot;options&quot;:{&quot;animation&quot;:false,&quot;borderAlign&quot;:&quot;inner&quot;,&quot;borderJoinStyle&quot;:&quot;round&quot;,&quot;spanGaps&quot;:true,&quot;fill&quot;:&quot;origin&quot;,&quot;locale&quot;:&quot;es&quot;,&quot;pointHitRadius&quot;:0,&quot;pointBorderWidth&quot;:0,&quot;pointHoverBorderWidth&quot;:0,&quot;layout&quot;:{&quot;padding&quot;:20},&quot;plugins&quot;:{&quot;legend&quot;:{&quot;labels&quot;:{&quot;boxHeight&quot;:15},&quot;display&quot;:&quot;1&quot;,&quot;position&quot;:&quot;bottom&quot;,&quot;align&quot;:&quot;center&quot;},&quot;datalabels&quot;:{&quot;clamp&quot;:true,&quot;display&quot;:&quot;auto&quot;,&quot;opacity&quot;:&quot;1&quot;,&quot;font&quot;:{&quot;size&quot;:&quot;14&quot;},&quot;offset&quot;:&quot;14&quot;,&quot;text&quot;:&quot;value&quot;,&quot;position&quot;:&quot;default&quot;,&quot;color_custom&quot;:&quot;&quot;,&quot;color_dark&quot;:&quot;#000000&quot;,&quot;color_light&quot;:&quot;#ffffff&quot;,&quot;anchor&quot;:&quot;center&quot;,&quot;align&quot;:&quot;center&quot;},&quot;tooltip&quot;:{&quot;displayColors&quot;:false},&quot;title&quot;:{&quot;display&quot;:&quot;1&quot;,&quot;text&quot;:&quot;ALERTAS POR TIPO DE ADECUACI\\u00d3N&quot;,&quot;fullSize&quot;:true,&quot;font&quot;:{&quot;size&quot;:&quot;22&quot;}}},&quot;scales&quot;:{&quot;x&quot;:{&quot;time&quot;:{&quot;displayFormats&quot;:{&quot;day&quot;:&quot;yyyy-MM-dd&quot;,&quot;week&quot;:&quot;&#039;W&#039;WW&quot;,&quot;month&quot;:&quot;yyyy-MM&quot;,&quot;quarter&quot;:&quot;yyyy &#039;Q&#039;q&quot;,&quot;year&quot;:&quot;yyyy&quot;},&quot;tooltipFormat&quot;:&quot;yyyy-MM-dd&quot;,&quot;isoWeekday&quot;:true,&quot;unit&quot;:&quot;day&quot;},&quot;ticks&quot;:{&quot;autoSkip&quot;:true,&quot;source&quot;:&quot;auto&quot;},&quot;title&quot;:{&quot;display&quot;:&quot;&quot;,&quot;text&quot;:&quot;&quot;}},&quot;y&quot;:{&quot;grid&quot;:{&quot;display&quot;:&quot;1&quot;},&quot;title&quot;:{&quot;display&quot;:&quot;&quot;,&quot;text&quot;:&quot;&quot;}}},&quot;aspectRatio&quot;:&quot;2&quot;,&quot;indexAxis&quot;:&quot;x&quot;,&quot;tension&quot;:&quot;0&quot;,&quot;cutout&quot;:&quot;0&quot;,&quot;offset&quot;:&quot;24&quot;,&quot;pointRadius&quot;:&quot;6&quot;,&quot;pointHoverRadius&quot;:&quot;6&quot;,&quot;pointStyle&quot;:&quot;circle&quot;,&quot;borderWidth&quot;:&quot;6&quot;,&quot;useValues&quot;:&quot;1&quot;},&quot;data&quot;:{&quot;fieldLabels&quot;:[&quot;De acceso&quot;,&quot;No significativa&quot;,&quot;Significativa&quot;],&quot;values&quot;:[&quot;De acceso&quot;,&quot;No significativa&quot;,&quot;Significativa&quot;],&quot;datasets&quot;:[{&quot;label&quot;:&quot;Tipo de adecuaci\\u00f3n&quot;,&quot;data&quot;:[0,0,0],&quot;backgroundColor&quot;:[&quot;rgba(245, 149, 156,0.85)&quot;,&quot;rgba(0, 99, 145,0.85)&quot;,&quot;rgba(254, 185, 41,0.85)&quot;,&quot;rgba(226, 74, 56,0.85)&quot;,&quot;rgba(40, 153, 139,0.85)&quot;,&quot;rgba(192, 222, 0,0.85)&quot;],&quot;borderColor&quot;:[&quot;rgb(245, 149, 156)&quot;,&quot;rgb(0, 99, 145)&quot;,&quot;rgb(254, 185, 41)&quot;,&quot;rgb(226, 74, 56)&quot;,&quot;rgb(40, 153, 139)&quot;,&quot;rgb(192, 222, 0)&quot;],&quot;pointBackgroundColor&quot;:&quot;rgb(245, 149, 156)&quot;,&quot;borderAlign&quot;:&quot;center&quot;}],&quot;labels&quot;:[&quot;De acceso&quot;,&quot;No significativa&quot;,&quot;Significativa&quot;]},&quot;ariaLabel&quot;:&quot;A bar \\\/ column chart, values from 0 to the maximum value, with the following data: Dataset 1: De acceso: 0; No significativa: 0; Significativa: 0.&quot;}\">\n\t<canvas aria-label=\"A bar \/ column chart, values from 0 to the maximum value, with the following data: Dataset 1: De acceso: 0; No significativa: 0; Significativa: 0.\" style=\"\"><\/canvas>\n<\/div>\n<h2>\n\t\tAlerta por Tipo de Adecuaci\u00f3n\n\t<\/h2>\n<h2>\n\t\tPor tipo de Ausentismo\n\t<\/h2>\n\t<div class=\"gk-gravitycharts-shortcode\" style=\"display: none !important; \" data-chart-feed-id=\"8\" data-chart-data=\"{&quot;type&quot;:&quot;bar&quot;,&quot;options&quot;:{&quot;animation&quot;:false,&quot;borderAlign&quot;:&quot;inner&quot;,&quot;borderJoinStyle&quot;:&quot;round&quot;,&quot;spanGaps&quot;:true,&quot;fill&quot;:&quot;origin&quot;,&quot;locale&quot;:&quot;es&quot;,&quot;pointHitRadius&quot;:0,&quot;pointBorderWidth&quot;:0,&quot;pointHoverBorderWidth&quot;:0,&quot;layout&quot;:{&quot;padding&quot;:20},&quot;plugins&quot;:{&quot;legend&quot;:{&quot;labels&quot;:{&quot;boxHeight&quot;:15},&quot;display&quot;:&quot;&quot;,&quot;position&quot;:&quot;top&quot;,&quot;align&quot;:&quot;center&quot;},&quot;datalabels&quot;:{&quot;clamp&quot;:true,&quot;display&quot;:&quot;auto&quot;,&quot;opacity&quot;:&quot;1&quot;,&quot;font&quot;:{&quot;size&quot;:&quot;14&quot;},&quot;offset&quot;:&quot;14&quot;,&quot;text&quot;:&quot;value&quot;,&quot;position&quot;:&quot;default&quot;,&quot;color_custom&quot;:&quot;&quot;,&quot;color_dark&quot;:&quot;#000000&quot;,&quot;color_light&quot;:&quot;#ffffff&quot;,&quot;anchor&quot;:&quot;center&quot;,&quot;align&quot;:&quot;center&quot;},&quot;tooltip&quot;:{&quot;displayColors&quot;:false},&quot;title&quot;:{&quot;display&quot;:&quot;1&quot;,&quot;text&quot;:&quot;POR TIPO DE AUSENTISMO&quot;,&quot;fullSize&quot;:true,&quot;font&quot;:{&quot;size&quot;:&quot;22&quot;}}},&quot;scales&quot;:{&quot;x&quot;:{&quot;time&quot;:{&quot;displayFormats&quot;:{&quot;day&quot;:&quot;yyyy-MM-dd&quot;,&quot;week&quot;:&quot;&#039;W&#039;WW&quot;,&quot;month&quot;:&quot;yyyy-MM&quot;,&quot;quarter&quot;:&quot;yyyy &#039;Q&#039;q&quot;,&quot;year&quot;:&quot;yyyy&quot;},&quot;tooltipFormat&quot;:&quot;yyyy-MM-dd&quot;,&quot;isoWeekday&quot;:true,&quot;unit&quot;:&quot;day&quot;},&quot;ticks&quot;:{&quot;autoSkip&quot;:true,&quot;source&quot;:&quot;auto&quot;},&quot;grid&quot;:{&quot;display&quot;:&quot;1&quot;},&quot;title&quot;:{&quot;display&quot;:&quot;1&quot;,&quot;text&quot;:&quot;CANTIDAD&quot;}},&quot;y&quot;:{&quot;title&quot;:{&quot;display&quot;:&quot;&quot;,&quot;text&quot;:&quot;&quot;}}},&quot;indexAxis&quot;:&quot;y&quot;,&quot;tension&quot;:&quot;0&quot;,&quot;cutout&quot;:&quot;0&quot;,&quot;offset&quot;:&quot;24&quot;,&quot;pointRadius&quot;:&quot;6&quot;,&quot;pointHoverRadius&quot;:&quot;6&quot;,&quot;pointStyle&quot;:&quot;circle&quot;,&quot;borderWidth&quot;:&quot;6&quot;,&quot;useValues&quot;:&quot;&quot;},&quot;data&quot;:{&quot;fieldLabels&quot;:[[&quot;Ausentismo por d\\u00eda en preescolar y primaria (las&quot;,&quot;lecciones por m\\u00e1s de tres (3) d\\u00edas sin la debida&quot;,&quot;justificaci\\u00f3n).&quot;],[&quot;Ausentismo a lecciones por materia en secundaria&quot;,&quot;(a la mitad de las lecciones de al menos una&quot;,&quot;asignatura durante la semana) (m\\u00f3dulo).&quot;],[&quot;Ausencia a lecciones t\\u00e9cnicas por mas de 3 d\\u00edas&quot;,&quot;seguidos sin justificaci\\u00f3n&quot;],[&quot;Ausencia por 2 semanas seguidas sin&quot;,&quot;justificaci\\u00f3n-OFERTA EMERGENTE&quot;]],&quot;values&quot;:[[&quot;Ausentismo por d\\u00eda en preescolar y primaria (las&quot;,&quot;lecciones por m\\u00e1s de tres (3) d\\u00edas sin la debida&quot;,&quot;justificaci\\u00f3n).&quot;],[&quot;Ausentismo a lecciones por materia en secundaria&quot;,&quot;(a la mitad de las lecciones de al menos una&quot;,&quot;asignatura durante la semana) (m\\u00f3dulo).&quot;],[&quot;Ausencia a lecciones t\\u00e9cnicas por mas de 3 d\\u00edas&quot;,&quot;seguidos sin justificaci\\u00f3n&quot;],[&quot;Ausencia por 2 semanas seguidas sin&quot;,&quot;justificaci\\u00f3n-OFERTA EMERGENTE&quot;]],&quot;datasets&quot;:[{&quot;label&quot;:&quot;Tipo de ausentismo&quot;,&quot;data&quot;:[0,0,1,0],&quot;backgroundColor&quot;:[&quot;rgb(0,160,210,0.85)&quot;,&quot;rgb(130,110,180,0.85)&quot;,&quot;rgb(70,180,80,0.85)&quot;,&quot;rgb(255,185,0,0.85)&quot;,&quot;rgb(245,110,40,0.85)&quot;,&quot;rgb(220,50,50,0.85)&quot;],&quot;borderColor&quot;:[&quot;rgb(0,160,210)&quot;,&quot;rgb(130,110,180)&quot;,&quot;rgb(70,180,80)&quot;,&quot;rgb(255,185,0)&quot;,&quot;rgb(245,110,40)&quot;,&quot;rgb(220,50,50)&quot;],&quot;pointBackgroundColor&quot;:&quot;rgb(0,160,210)&quot;,&quot;borderAlign&quot;:&quot;center&quot;}],&quot;labels&quot;:[[&quot;Ausentismo por d\\u00eda en preescolar y primaria (las&quot;,&quot;lecciones por m\\u00e1s de tres (3) d\\u00edas sin la debida&quot;,&quot;justificaci\\u00f3n).&quot;],[&quot;Ausentismo a lecciones por materia en secundaria&quot;,&quot;(a la mitad de las lecciones de al menos una&quot;,&quot;asignatura durante la semana) (m\\u00f3dulo).&quot;],[&quot;Ausencia a lecciones t\\u00e9cnicas por mas de 3 d\\u00edas&quot;,&quot;seguidos sin justificaci\\u00f3n&quot;],[&quot;Ausencia por 2 semanas seguidas sin&quot;,&quot;justificaci\\u00f3n-OFERTA EMERGENTE&quot;]]},&quot;ariaLabel&quot;:&quot;A bar \\\/ column chart, values from 0 to the maximum value, with the following data: Dataset 1: Ausentismo por d\\u00eda en preescolar y primaria (las lecciones por m\\u00e1s de tres (3) d\\u00edas sin la debida justificaci\\u00f3n).: 0; Ausentismo a lecciones por materia en secundaria (a la mitad de las lecciones de al menos una asignatura durante la semana) (m\\u00f3dulo).: 0; Ausencia a lecciones t\\u00e9cnicas por mas de 3 d\\u00edas seguidos sin justificaci\\u00f3n: 1; Ausencia por 2 semanas seguidas sin justificaci\\u00f3n-OFERTA EMERGENTE: 0.&quot;}\">\n\t<canvas aria-label=\"A bar \/ column chart, values from 0 to the maximum value, with the following data: Dataset 1: Ausentismo por d\u00eda en preescolar y primaria (las lecciones por m\u00e1s de tres (3) d\u00edas sin la debida justificaci\u00f3n).: 0; Ausentismo a lecciones por materia en secundaria (a la mitad de las lecciones de al menos una asignatura durante la semana) (m\u00f3dulo).: 0; Ausencia a lecciones t\u00e9cnicas por mas de 3 d\u00edas seguidos sin justificaci\u00f3n: 1; Ausencia por 2 semanas seguidas sin justificaci\u00f3n-OFERTA EMERGENTE: 0.\" style=\"\"><\/canvas>\n<\/div>\n\n","protected":false},"excerpt":{"rendered":"<p>GR\u00c1FICOS-ALERTA TEMPRANA (CURSO LECTIVO 2024) Alertas Por Tipo ( Curso 2024) Alertas Si posee Adecuaci\u00f3n ( Curso 2024) Alerta por Tipo de Adecuaci\u00f3n Por tipo de Ausentismo<\/p>\n","protected":false},"author":1,"featured_media":0,"parent":0,"menu_order":0,"comment_status":"closed","ping_status":"closed","template":"","meta":{"footnotes":""},"class_list":["post-4354","page","type-page","status-publish"],"_links":{"self":[{"href":"https:\/\/crtecnica.com\/demoinstitucion\/wp-json\/wp\/v2\/pages\/4354","targetHints":{"allow":["GET"]}}],"collection":[{"href":"https:\/\/crtecnica.com\/demoinstitucion\/wp-json\/wp\/v2\/pages"}],"about":[{"href":"https:\/\/crtecnica.com\/demoinstitucion\/wp-json\/wp\/v2\/types\/page"}],"author":[{"embeddable":true,"href":"https:\/\/crtecnica.com\/demoinstitucion\/wp-json\/wp\/v2\/users\/1"}],"replies":[{"embeddable":true,"href":"https:\/\/crtecnica.com\/demoinstitucion\/wp-json\/wp\/v2\/comments?post=4354"}],"version-history":[{"count":16,"href":"https:\/\/crtecnica.com\/demoinstitucion\/wp-json\/wp\/v2\/pages\/4354\/revisions"}],"predecessor-version":[{"id":4882,"href":"https:\/\/crtecnica.com\/demoinstitucion\/wp-json\/wp\/v2\/pages\/4354\/revisions\/4882"}],"wp:attachment":[{"href":"https:\/\/crtecnica.com\/demoinstitucion\/wp-json\/wp\/v2\/media?parent=4354"}],"curies":[{"name":"wp","href":"https:\/\/api.w.org\/{rel}","templated":true}]}}