{"id":4382,"date":"2024-06-26T14:55:05","date_gmt":"2024-06-26T20:55:05","guid":{"rendered":"https:\/\/crtecnica.com\/demoinstitucion\/?page_id=4382"},"modified":"2024-09-08T15:15:44","modified_gmt":"2024-09-08T21:15:44","slug":"graficos-seguimientos-de-alerta","status":"publish","type":"page","link":"https:\/\/crtecnica.com\/demoinstitucion\/graficos-seguimientos-de-alerta\/","title":{"rendered":"Graficos: Seguimientos de alerta"},"content":{"rendered":"\n<h2>\n\t\tGR\u00c1FICOS- SEGUIMIENTO DE ALERTA TEMPRANA (CURSO LECTIVO 2024)\n\t<\/h2>\n\t<p><strong>Gr\u00e1fico seg\u00fan el tipo de seguimiento<\/strong><\/p>\n<p>Curso 2024<\/p>\n\t<div class=\"gk-gravitycharts-shortcode\" style=\"display: none !important; \" data-chart-feed-id=\"11\" data-chart-data=\"{&quot;type&quot;:&quot;bar&quot;,&quot;options&quot;:{&quot;animation&quot;:false,&quot;borderAlign&quot;:&quot;inner&quot;,&quot;borderJoinStyle&quot;:&quot;round&quot;,&quot;spanGaps&quot;:true,&quot;fill&quot;:&quot;origin&quot;,&quot;locale&quot;:&quot;es&quot;,&quot;pointHitRadius&quot;:0,&quot;pointBorderWidth&quot;:0,&quot;pointHoverBorderWidth&quot;:0,&quot;layout&quot;:{&quot;padding&quot;:20},&quot;plugins&quot;:{&quot;legend&quot;:{&quot;labels&quot;:{&quot;boxHeight&quot;:15},&quot;display&quot;:&quot;1&quot;,&quot;position&quot;:&quot;bottom&quot;,&quot;align&quot;:&quot;center&quot;},&quot;datalabels&quot;:{&quot;clamp&quot;:true,&quot;display&quot;:&quot;auto&quot;,&quot;opacity&quot;:&quot;1&quot;,&quot;font&quot;:{&quot;size&quot;:&quot;14&quot;},&quot;offset&quot;:&quot;14&quot;,&quot;text&quot;:&quot;percentage&quot;,&quot;position&quot;:&quot;default&quot;,&quot;color_custom&quot;:&quot;&quot;,&quot;color_dark&quot;:&quot;#000000&quot;,&quot;color_light&quot;:&quot;#ffffff&quot;,&quot;anchor&quot;:&quot;center&quot;,&quot;align&quot;:&quot;center&quot;},&quot;tooltip&quot;:{&quot;displayColors&quot;:false},&quot;title&quot;:{&quot;display&quot;:&quot;1&quot;,&quot;text&quot;:&quot;POR TIPO DE SEGUIMIENTO&quot;,&quot;fullSize&quot;:true,&quot;font&quot;:{&quot;size&quot;:&quot;22&quot;}}},&quot;scales&quot;:{&quot;x&quot;:{&quot;time&quot;:{&quot;displayFormats&quot;:{&quot;day&quot;:&quot;yyyy-MM-dd&quot;,&quot;week&quot;:&quot;&#039;W&#039;WW&quot;,&quot;month&quot;:&quot;yyyy-MM&quot;,&quot;quarter&quot;:&quot;yyyy &#039;Q&#039;q&quot;,&quot;year&quot;:&quot;yyyy&quot;},&quot;tooltipFormat&quot;:&quot;yyyy-MM-dd&quot;,&quot;isoWeekday&quot;:true,&quot;unit&quot;:&quot;day&quot;},&quot;ticks&quot;:{&quot;autoSkip&quot;:true,&quot;source&quot;:&quot;auto&quot;},&quot;grid&quot;:{&quot;display&quot;:&quot;1&quot;},&quot;title&quot;:{&quot;display&quot;:&quot;&quot;,&quot;text&quot;:&quot;&quot;}},&quot;y&quot;:{&quot;title&quot;:{&quot;display&quot;:&quot;&quot;,&quot;text&quot;:&quot;&quot;}}},&quot;aspectRatio&quot;:&quot;2&quot;,&quot;indexAxis&quot;:&quot;y&quot;,&quot;tension&quot;:&quot;0&quot;,&quot;cutout&quot;:&quot;0&quot;,&quot;offset&quot;:&quot;24&quot;,&quot;pointRadius&quot;:&quot;6&quot;,&quot;pointHoverRadius&quot;:&quot;6&quot;,&quot;pointStyle&quot;:&quot;circle&quot;,&quot;borderWidth&quot;:&quot;6&quot;,&quot;useValues&quot;:&quot;1&quot;},&quot;data&quot;:{&quot;fieldLabels&quot;:[&quot;Peligro de exclusi\\u00f3n (No hay alerta)&quot;,&quot;Ya hay alertas realizadas&quot;,&quot;Finalizaci\\u00f3n de seguimiento&quot;],&quot;values&quot;:[&quot;Peligro de exclusi\\u00f3n (No hay alerta)&quot;,&quot;Ya hay alertas realizadas&quot;,&quot;Finalizaci\\u00f3n de seguimiento&quot;],&quot;datasets&quot;:[{&quot;label&quot;:&quot;Tipo de seguimiento&quot;,&quot;data&quot;:[1,0,1],&quot;backgroundColor&quot;:[&quot;rgb(0,160,210,0.85)&quot;,&quot;rgb(130,110,180,0.85)&quot;,&quot;rgb(70,180,80,0.85)&quot;,&quot;rgb(255,185,0,0.85)&quot;,&quot;rgb(245,110,40,0.85)&quot;,&quot;rgb(220,50,50,0.85)&quot;],&quot;borderColor&quot;:[&quot;rgb(0,160,210)&quot;,&quot;rgb(130,110,180)&quot;,&quot;rgb(70,180,80)&quot;,&quot;rgb(255,185,0)&quot;,&quot;rgb(245,110,40)&quot;,&quot;rgb(220,50,50)&quot;],&quot;pointBackgroundColor&quot;:&quot;rgb(0,160,210)&quot;,&quot;borderAlign&quot;:&quot;center&quot;}],&quot;labels&quot;:[&quot;Peligro de exclusi\\u00f3n (No hay alerta)&quot;,&quot;Ya hay alertas realizadas&quot;,&quot;Finalizaci\\u00f3n de seguimiento&quot;]},&quot;ariaLabel&quot;:&quot;A bar \\\/ column chart, values from 0 to the maximum value, with the following data: Dataset 1: Peligro de exclusi\\u00f3n (No hay alerta): 1; Ya hay alertas realizadas: 0; Finalizaci\\u00f3n de seguimiento: 1.&quot;}\">\n\t<canvas aria-label=\"A bar \/ column chart, values from 0 to the maximum value, with the following data: Dataset 1: Peligro de exclusi\u00f3n (No hay alerta): 1; Ya hay alertas realizadas: 0; Finalizaci\u00f3n de seguimiento: 1.\" style=\"\"><\/canvas>\n<\/div>\n\t<div class=\"gk-gravitycharts-shortcode\" style=\"display: none !important; \" data-chart-feed-id=\"12\" data-chart-data=\"{&quot;type&quot;:&quot;bar&quot;,&quot;options&quot;:{&quot;animation&quot;:false,&quot;borderAlign&quot;:&quot;inner&quot;,&quot;borderJoinStyle&quot;:&quot;round&quot;,&quot;spanGaps&quot;:true,&quot;fill&quot;:&quot;origin&quot;,&quot;locale&quot;:&quot;es&quot;,&quot;pointHitRadius&quot;:0,&quot;pointBorderWidth&quot;:0,&quot;pointHoverBorderWidth&quot;:0,&quot;layout&quot;:{&quot;padding&quot;:20},&quot;plugins&quot;:{&quot;legend&quot;:{&quot;labels&quot;:{&quot;boxHeight&quot;:15},&quot;display&quot;:&quot;1&quot;,&quot;position&quot;:&quot;bottom&quot;,&quot;align&quot;:&quot;center&quot;},&quot;datalabels&quot;:{&quot;clamp&quot;:true,&quot;display&quot;:&quot;auto&quot;,&quot;opacity&quot;:&quot;1&quot;,&quot;font&quot;:{&quot;size&quot;:&quot;14&quot;},&quot;offset&quot;:&quot;14&quot;,&quot;text&quot;:&quot;value&quot;,&quot;position&quot;:&quot;default&quot;,&quot;color_custom&quot;:&quot;&quot;,&quot;color_dark&quot;:&quot;#000000&quot;,&quot;color_light&quot;:&quot;#ffffff&quot;,&quot;anchor&quot;:&quot;center&quot;,&quot;align&quot;:&quot;center&quot;},&quot;tooltip&quot;:{&quot;displayColors&quot;:false},&quot;title&quot;:{&quot;display&quot;:&quot;1&quot;,&quot;text&quot;:&quot;SEG\\u00daN ACCI\\u00d3N TOMADA&quot;,&quot;fullSize&quot;:true,&quot;font&quot;:{&quot;size&quot;:&quot;22&quot;}}},&quot;scales&quot;:{&quot;x&quot;:{&quot;time&quot;:{&quot;displayFormats&quot;:{&quot;day&quot;:&quot;yyyy-MM-dd&quot;,&quot;week&quot;:&quot;&#039;W&#039;WW&quot;,&quot;month&quot;:&quot;yyyy-MM&quot;,&quot;quarter&quot;:&quot;yyyy &#039;Q&#039;q&quot;,&quot;year&quot;:&quot;yyyy&quot;},&quot;tooltipFormat&quot;:&quot;yyyy-MM-dd&quot;,&quot;isoWeekday&quot;:true,&quot;unit&quot;:&quot;day&quot;},&quot;ticks&quot;:{&quot;autoSkip&quot;:true,&quot;source&quot;:&quot;auto&quot;},&quot;grid&quot;:{&quot;display&quot;:&quot;1&quot;},&quot;title&quot;:{&quot;display&quot;:&quot;&quot;,&quot;text&quot;:&quot;&quot;}},&quot;y&quot;:{&quot;title&quot;:{&quot;display&quot;:&quot;&quot;,&quot;text&quot;:&quot;&quot;}}},&quot;aspectRatio&quot;:&quot;2&quot;,&quot;indexAxis&quot;:&quot;y&quot;,&quot;tension&quot;:&quot;0&quot;,&quot;cutout&quot;:&quot;0&quot;,&quot;offset&quot;:&quot;24&quot;,&quot;pointRadius&quot;:&quot;6&quot;,&quot;pointHoverRadius&quot;:&quot;6&quot;,&quot;pointStyle&quot;:&quot;circle&quot;,&quot;borderWidth&quot;:&quot;3&quot;,&quot;useValues&quot;:&quot;1&quot;},&quot;data&quot;:{&quot;fieldLabels&quot;:[&quot;Se llam\\u00f3&quot;,&quot;Se convers\\u00f3 personalmente&quot;,&quot;Se convers\\u00f3 por mensaje&quot;,&quot;Se convers\\u00f3 con la persona encargada&quot;],&quot;values&quot;:[&quot;Se llam\\u00f3&quot;,&quot;Se convers\\u00f3 personalmente&quot;,&quot;Se convers\\u00f3 por mensaje&quot;,&quot;Se convers\\u00f3 con la persona encargada&quot;],&quot;datasets&quot;:[{&quot;label&quot;:&quot;Acci\\u00f3n tomada&quot;,&quot;data&quot;:[1,1,0,0],&quot;backgroundColor&quot;:[&quot;rgb(228,26,28,0.85)&quot;,&quot;rgb(55,126,184,0.85)&quot;,&quot;rgb(77,175,74,0.85)&quot;,&quot;rgb(152,78,163,0.85)&quot;,&quot;rgb(255,127,0,0.85)&quot;,&quot;rgb(255,255,51,0.85)&quot;,&quot;rgb(166,86,40,0.85)&quot;,&quot;rgb(247,129,191,0.85)&quot;,&quot;rgb(153,153,153,0.85)&quot;],&quot;borderColor&quot;:[&quot;rgb(228,26,28)&quot;,&quot;rgb(55,126,184)&quot;,&quot;rgb(77,175,74)&quot;,&quot;rgb(152,78,163)&quot;,&quot;rgb(255,127,0)&quot;,&quot;rgb(255,255,51)&quot;,&quot;rgb(166,86,40)&quot;,&quot;rgb(247,129,191)&quot;,&quot;rgb(153,153,153)&quot;],&quot;pointBackgroundColor&quot;:&quot;rgb(228,26,28)&quot;,&quot;borderAlign&quot;:&quot;center&quot;}],&quot;labels&quot;:[&quot;Se llam\\u00f3&quot;,&quot;Se convers\\u00f3 personalmente&quot;,&quot;Se convers\\u00f3 por mensaje&quot;,&quot;Se convers\\u00f3 con la persona encargada&quot;]},&quot;ariaLabel&quot;:&quot;A bar \\\/ column chart, values from 0 to the maximum value, with the following data: Dataset 1: Se llam\\u00f3: 1; Se convers\\u00f3 personalmente: 1; Se convers\\u00f3 por mensaje: 0; Se convers\\u00f3 con la persona encargada: 0.&quot;}\">\n\t<canvas aria-label=\"A bar \/ column chart, values from 0 to the maximum value, with the following data: Dataset 1: Se llam\u00f3: 1; Se convers\u00f3 personalmente: 1; Se convers\u00f3 por mensaje: 0; Se convers\u00f3 con la persona encargada: 0.\" style=\"\"><\/canvas>\n<\/div>\n\t<p><strong>Gr\u00e1fico de seguimiento-Seg\u00fan acci\u00f3n tomada<\/strong><\/p>\n<p>Curso 2024<\/p>\n\t<p><strong>Por seguimiento requerido<\/strong><\/p>\n<p>Curso 2024<\/p>\n\t<div class=\"gk-gravitycharts-shortcode\" style=\"display: none !important; \" data-chart-feed-id=\"13\" data-chart-data=\"{&quot;type&quot;:&quot;bar&quot;,&quot;options&quot;:{&quot;animation&quot;:false,&quot;borderAlign&quot;:&quot;inner&quot;,&quot;borderJoinStyle&quot;:&quot;round&quot;,&quot;spanGaps&quot;:true,&quot;fill&quot;:&quot;origin&quot;,&quot;locale&quot;:&quot;es&quot;,&quot;pointHitRadius&quot;:0,&quot;pointBorderWidth&quot;:0,&quot;pointHoverBorderWidth&quot;:0,&quot;layout&quot;:{&quot;padding&quot;:20},&quot;plugins&quot;:{&quot;legend&quot;:{&quot;labels&quot;:{&quot;boxHeight&quot;:15},&quot;display&quot;:&quot;1&quot;,&quot;position&quot;:&quot;bottom&quot;,&quot;align&quot;:&quot;center&quot;},&quot;datalabels&quot;:{&quot;clamp&quot;:true,&quot;display&quot;:&quot;auto&quot;,&quot;opacity&quot;:&quot;1&quot;,&quot;font&quot;:{&quot;size&quot;:&quot;14&quot;},&quot;offset&quot;:&quot;14&quot;,&quot;text&quot;:&quot;percentage&quot;,&quot;position&quot;:&quot;default&quot;,&quot;color_custom&quot;:&quot;&quot;,&quot;color_dark&quot;:&quot;#000000&quot;,&quot;color_light&quot;:&quot;#ffffff&quot;,&quot;anchor&quot;:&quot;center&quot;,&quot;align&quot;:&quot;center&quot;},&quot;tooltip&quot;:{&quot;displayColors&quot;:false},&quot;title&quot;:{&quot;display&quot;:&quot;1&quot;,&quot;text&quot;:&quot;POR SEGUIMIENTO REQUERIDO&quot;,&quot;fullSize&quot;:true,&quot;font&quot;:{&quot;size&quot;:&quot;22&quot;}}},&quot;scales&quot;:{&quot;x&quot;:{&quot;time&quot;:{&quot;displayFormats&quot;:{&quot;day&quot;:&quot;yyyy-MM-dd&quot;,&quot;week&quot;:&quot;&#039;W&#039;WW&quot;,&quot;month&quot;:&quot;yyyy-MM&quot;,&quot;quarter&quot;:&quot;yyyy &#039;Q&#039;q&quot;,&quot;year&quot;:&quot;yyyy&quot;},&quot;tooltipFormat&quot;:&quot;yyyy-MM-dd&quot;,&quot;isoWeekday&quot;:true,&quot;unit&quot;:&quot;day&quot;},&quot;ticks&quot;:{&quot;autoSkip&quot;:true,&quot;source&quot;:&quot;auto&quot;},&quot;grid&quot;:{&quot;display&quot;:&quot;1&quot;},&quot;title&quot;:{&quot;display&quot;:&quot;&quot;,&quot;text&quot;:&quot;&quot;}},&quot;y&quot;:{&quot;title&quot;:{&quot;display&quot;:&quot;&quot;,&quot;text&quot;:&quot;&quot;}}},&quot;aspectRatio&quot;:&quot;2&quot;,&quot;indexAxis&quot;:&quot;y&quot;,&quot;tension&quot;:&quot;0&quot;,&quot;cutout&quot;:&quot;0&quot;,&quot;offset&quot;:&quot;24&quot;,&quot;pointRadius&quot;:&quot;6&quot;,&quot;pointHoverRadius&quot;:&quot;6&quot;,&quot;pointStyle&quot;:&quot;circle&quot;,&quot;borderWidth&quot;:&quot;6&quot;,&quot;useValues&quot;:&quot;1&quot;},&quot;data&quot;:{&quot;fieldLabels&quot;:[&quot;No se requiere ninguna intervenci\\u00f3n posterior&quot;,&quot;Se requiere intervenci\\u00f3n administrativa\\\/Docente&quot;,&quot;Se requiere intervenci\\u00f3n de Orientaci\\u00f3n&quot;,&quot;Se requiere intervenci\\u00f3n urgente del PANI&quot;],&quot;values&quot;:[&quot;No se requiere ninguna intervenci\\u00f3n posterior&quot;,&quot;Se requiere intervenci\\u00f3n administrativa\\\/Docente&quot;,&quot;Se requiere intervenci\\u00f3n de Orientaci\\u00f3n&quot;,&quot;Se requiere intervenci\\u00f3n urgente del PANI&quot;],&quot;datasets&quot;:[{&quot;label&quot;:&quot;Seguimiento requerido&quot;,&quot;data&quot;:[0,2,0,0],&quot;backgroundColor&quot;:[&quot;rgba(66, 133, 244,0.85)&quot;,&quot;rgba(234, 67, 53,0.85)&quot;,&quot;rgba(251, 188, 4,0.85)&quot;,&quot;rgba(52, 168, 83,0.85)&quot;,&quot;rgba(255, 109, 1,0.85)&quot;,&quot;rgba(70, 189, 198,0.85)&quot;],&quot;borderColor&quot;:[&quot;rgb(66, 133, 244)&quot;,&quot;rgb(234, 67, 53)&quot;,&quot;rgb(251, 188, 4)&quot;,&quot;rgb(52, 168, 83)&quot;,&quot;rgb(255, 109, 1)&quot;,&quot;rgb(70, 189, 198)&quot;],&quot;pointBackgroundColor&quot;:&quot;rgb(66, 133, 244)&quot;,&quot;borderAlign&quot;:&quot;center&quot;}],&quot;labels&quot;:[&quot;No se requiere ninguna intervenci\\u00f3n posterior&quot;,&quot;Se requiere intervenci\\u00f3n administrativa\\\/Docente&quot;,&quot;Se requiere intervenci\\u00f3n de Orientaci\\u00f3n&quot;,&quot;Se requiere intervenci\\u00f3n urgente del PANI&quot;]},&quot;ariaLabel&quot;:&quot;A bar \\\/ column chart, values from 0 to the maximum value, with the following data: Dataset 1: No se requiere ninguna intervenci\\u00f3n posterior: 0; Se requiere intervenci\\u00f3n administrativa\\\/Docente: 2; Se requiere intervenci\\u00f3n de Orientaci\\u00f3n: 0; Se requiere intervenci\\u00f3n urgente del PANI: 0.&quot;}\">\n\t<canvas aria-label=\"A bar \/ column chart, values from 0 to the maximum value, with the following data: Dataset 1: No se requiere ninguna intervenci\u00f3n posterior: 0; Se requiere intervenci\u00f3n administrativa\/Docente: 2; Se requiere intervenci\u00f3n de Orientaci\u00f3n: 0; Se requiere intervenci\u00f3n urgente del PANI: 0.\" style=\"\"><\/canvas>\n<\/div>\n\n","protected":false},"excerpt":{"rendered":"<p>GR\u00c1FICOS- SEGUIMIENTO DE ALERTA TEMPRANA (CURSO LECTIVO 2024) Gr\u00e1fico seg\u00fan el tipo de seguimiento Curso 2024 Gr\u00e1fico de seguimiento-Seg\u00fan acci\u00f3n tomada Curso 2024 Por seguimiento requerido Curso 2024<\/p>\n","protected":false},"author":1,"featured_media":0,"parent":0,"menu_order":0,"comment_status":"closed","ping_status":"closed","template":"","meta":{"footnotes":""},"class_list":["post-4382","page","type-page","status-publish"],"_links":{"self":[{"href":"https:\/\/crtecnica.com\/demoinstitucion\/wp-json\/wp\/v2\/pages\/4382","targetHints":{"allow":["GET"]}}],"collection":[{"href":"https:\/\/crtecnica.com\/demoinstitucion\/wp-json\/wp\/v2\/pages"}],"about":[{"href":"https:\/\/crtecnica.com\/demoinstitucion\/wp-json\/wp\/v2\/types\/page"}],"author":[{"embeddable":true,"href":"https:\/\/crtecnica.com\/demoinstitucion\/wp-json\/wp\/v2\/users\/1"}],"replies":[{"embeddable":true,"href":"https:\/\/crtecnica.com\/demoinstitucion\/wp-json\/wp\/v2\/comments?post=4382"}],"version-history":[{"count":12,"href":"https:\/\/crtecnica.com\/demoinstitucion\/wp-json\/wp\/v2\/pages\/4382\/revisions"}],"predecessor-version":[{"id":4883,"href":"https:\/\/crtecnica.com\/demoinstitucion\/wp-json\/wp\/v2\/pages\/4382\/revisions\/4883"}],"wp:attachment":[{"href":"https:\/\/crtecnica.com\/demoinstitucion\/wp-json\/wp\/v2\/media?parent=4382"}],"curies":[{"name":"wp","href":"https:\/\/api.w.org\/{rel}","templated":true}]}}